{"id":24,"date":"2013-08-20T18:26:37","date_gmt":"2013-08-20T18:26:37","guid":{"rendered":"http:\/\/robinritsgard.se\/?page_id=24"},"modified":"2019-10-10T12:30:38","modified_gmt":"2019-10-10T11:30:38","slug":"information","status":"publish","type":"page","link":"https:\/\/robinritsgard.se\/","title":{"rendered":"Information"},"content":{"rendered":"<p><span style=\"color: #000000;\">Syftet med sidan \u00e4r att ha ett forum f\u00f6r mig och de elever som jag undervisar. H\u00e4r kommer jag att dela med mig av lektioner, genomg\u00e5ngar, tips och l\u00e4nkar.<br \/>\n<\/span><\/p>\n<p><span style=\"color: #000000;\">Det h\u00e4r \u00e4r ett projekt som \u00e4r under st\u00e4ndig utveckling s\u00e5 det ska bli kul att se resultatet fram\u00f6ver.<\/span><\/p>\n<p><span style=\"color: #000000;\">Robin Ritsgard, l\u00e4rare i idrott och matematik, \u00e5r 6-9<\/span><\/p>\n<p><span style=\"color: #000000;\">Vals\u00e4traskolan, Uppsala<\/span><\/p>\n<p>H\u00e4r finns en l\u00e4nk till en film jag gjort via PIM-projektet. Om hur eleverna kan ta ansvar f\u00f6r r\u00e4tt saker:<\/p>\n<div style=\"width: 840px;\" class=\"wp-video\"><video class=\"wp-video-shortcode\" id=\"video-24-1\" width=\"840\" height=\"472\" preload=\"metadata\" controls=\"controls\"><source type=\"video\/x-ms-wmv\" src=\"https:\/\/robinritsgard.se\/wp-content\/uploads\/2013\/08\/Att-ta-ansvar-Robin-Ritsgard.wmv?_=1\" \/><a href=\"https:\/\/robinritsgard.se\/wp-content\/uploads\/2013\/08\/Att-ta-ansvar-Robin-Ritsgard.wmv\">https:\/\/robinritsgard.se\/wp-content\/uploads\/2013\/08\/Att-ta-ansvar-Robin-Ritsgard.wmv<\/a><\/video><\/div>\n","protected":false},"excerpt":{"rendered":"<p>Syftet med sidan \u00e4r att ha ett forum f\u00f6r mig och de elever som jag undervisar. H\u00e4r kommer jag att dela med mig av lektioner, genomg\u00e5ngar, tips och l\u00e4nkar. Det h\u00e4r \u00e4r ett projekt som \u00e4r under st\u00e4ndig utveckling s\u00e5 det ska bli kul att se resultatet fram\u00f6ver. Robin Ritsgard, l\u00e4rare i idrott och matematik, &hellip; <a href=\"https:\/\/robinritsgard.se\/\" class=\"more-link\">Forts\u00e4tt l\u00e4sa<span class=\"screen-reader-text\"> \u201dInformation\u201d<\/span><\/a><\/p>\n","protected":false},"author":1,"featured_media":0,"parent":0,"menu_order":0,"comment_status":"closed","ping_status":"open","template":"","meta":{"footnotes":""},"class_list":["post-24","page","type-page","status-publish","hentry"],"_links":{"self":[{"href":"https:\/\/robinritsgard.se\/index.php?rest_route=\/wp\/v2\/pages\/24","targetHints":{"allow":["GET"]}}],"collection":[{"href":"https:\/\/robinritsgard.se\/index.php?rest_route=\/wp\/v2\/pages"}],"about":[{"href":"https:\/\/robinritsgard.se\/index.php?rest_route=\/wp\/v2\/types\/page"}],"author":[{"embeddable":true,"href":"https:\/\/robinritsgard.se\/index.php?rest_route=\/wp\/v2\/users\/1"}],"replies":[{"embeddable":true,"href":"https:\/\/robinritsgard.se\/index.php?rest_route=%2Fwp%2Fv2%2Fcomments&post=24"}],"version-history":[{"count":8,"href":"https:\/\/robinritsgard.se\/index.php?rest_route=\/wp\/v2\/pages\/24\/revisions"}],"predecessor-version":[{"id":1040,"href":"https:\/\/robinritsgard.se\/index.php?rest_route=\/wp\/v2\/pages\/24\/revisions\/1040"}],"wp:attachment":[{"href":"https:\/\/robinritsgard.se\/index.php?rest_route=%2Fwp%2Fv2%2Fmedia&parent=24"}],"curies":[{"name":"wp","href":"https:\/\/api.w.org\/{rel}","templated":true}]}}