{"id":5,"date":"2013-08-20T18:56:19","date_gmt":"2013-08-20T18:56:19","guid":{"rendered":"http:\/\/robinritsgard.se\/?page_id=5"},"modified":"2019-09-20T13:28:35","modified_gmt":"2019-09-20T12:28:35","slug":"matematik-ar-6","status":"publish","type":"page","link":"http:\/\/robinritsgard.se\/?page_id=5","title":{"rendered":"Matematik \u00e5r 6"},"content":{"rendered":"<p>&#8221;Allt handlar bara om tr\u00e4ning&#8230;&#8221; &#8211; <em>Robin<\/em><\/p>\n<p><a href=\"http:\/\/medicinskordbok.se\/enhetsomvandlare\">ENHETSOMVANDLARE<\/a><\/p>\n<p><strong>VT 2016<\/strong><\/p>\n<p><strong>v 2:<\/strong><\/p>\n<p><a href=\"http:\/\/robinritsgard.se\/wp-content\/uploads\/2013\/08\/14-jan-Koordinatsystem.pdf\">14 jan Koordinatsystem<\/a>\u00a0 \u00a0 \u00a0youtubeklipp: <a href=\"https:\/\/www.youtube.com\/watch?v=K9fRs_4-4Go\">koordinatsystem<\/a><\/p>\n<p><a href=\"http:\/\/robinritsgard.se\/wp-content\/uploads\/2013\/08\/15-jan-proportionalitet.pdf\">15 jan proportionalitet<\/a><\/p>\n<p><strong>v. 3<\/strong><\/p>\n<p>L\u00e4xa till n\u00e4sta vecka: Till och med sidan 143<\/p>\n<p><a href=\"http:\/\/robinritsgard.se\/wp-content\/uploads\/2013\/08\/21-jan-Anv\u00e4nda-graf-f\u00f6r-pris-per-kilo.pdf\">21 jan Anv\u00e4nda graf f\u00f6r pris per kilo<\/a><\/p>\n<p><a href=\"http:\/\/robinritsgard.se\/wp-content\/uploads\/2013\/08\/22-jan-hur-stor-\u00e4r-delen-repetition.pdf\">22 jan hur stor \u00e4r delen repetition<\/a><\/p>\n<p><strong>\u00a0v. 4<\/strong><\/p>\n<p><a href=\"http:\/\/robinritsgard.se\/wp-content\/uploads\/2013\/08\/28-jan-INF\u00d6R-PROVET.pdf\">28 jan INF\u00d6R PROVET<\/a><\/p>\n<p><strong>v. 7<\/strong><\/p>\n<p><a href=\"http:\/\/robinritsgard.se\/wp-content\/uploads\/2013\/08\/18-feb-kort-gmg-av-provet..pdf\">18 feb kort gmg av provet.<\/a><\/p>\n<p><a href=\"http:\/\/robinritsgard.se\/wp-content\/uploads\/2013\/08\/19-feb-Teckna-uttryck-+-l\u00e4xa.pdf\">19 feb Teckna uttryck + l\u00e4xa<\/a><\/p>\n<p><strong>v. 9<\/strong><\/p>\n<p><a href=\"http:\/\/robinritsgard.se\/wp-content\/uploads\/2013\/08\/3-mars-Ekvationer.pdf\">3 mars Ekvationer<\/a><\/p>\n<p><strong>v. 10<\/strong><\/p>\n<p><a href=\"http:\/\/robinritsgard.se\/wp-content\/uploads\/2013\/08\/11-mars-sammansatta-figurer-+-l\u00e4xa.pdf\">11 mars sammansatta figurer + l\u00e4xa<\/a><\/p>\n<p><strong>v. 11<\/strong><\/p>\n<p>youtubeklipp: \u00a0<a href=\"https:\/\/www.youtube.com\/watch?v=2dkLmWZh754\">Skala<\/a>\u00a0 <a href=\"https:\/\/www.youtube.com\/watch?v=kseKxP9zeeM\">Medelv\u00e4rde och median<\/a><\/p>\n<p><a href=\"http:\/\/robinritsgard.se\/wp-content\/uploads\/2013\/08\/16-mars-medelv\u00e4rde-median-och-typv\u00e4rde.pdf\">16 mars medelv\u00e4rde, median och typv\u00e4rde<\/a><\/p>\n<p><a href=\"http:\/\/robinritsgard.se\/wp-content\/uploads\/2013\/08\/18-mars-skala.pdf\">18 mars skala<\/a><\/p>\n<p><strong>v. 16<\/strong><\/p>\n<p><a href=\"http:\/\/robinritsgard.se\/wp-content\/uploads\/2013\/08\/22-april-anv\u00e4nda-skala-med-ok\u00e4nda.pdf\">22 april anv\u00e4nda skala med ok\u00e4nda<\/a><\/p>\n<p><strong>v. 17<\/strong><\/p>\n<p><a href=\"http:\/\/robinritsgard.se\/wp-content\/uploads\/2013\/08\/4-maj-Cirkelns-area-och-omkrets.pdf\">4 maj Cirkelns area och omkrets<\/a><\/p>\n<p>L\u00e4xa till n\u00e4sta vecka. Kunna det mesta om geometri (A,O,V vinklar och skala)<\/p>\n<p>youtubeklipp: \u00a0<a href=\"https:\/\/www.youtube.com\/watch?v=ZfIFc_v8XCQ&amp;list=PLC0uA88O8pF_SUVf-V6MrPG__EVcyJ_gG&amp;index=4\">Cirkelns area<\/a>\u00a0 <a href=\"https:\/\/www.youtube.com\/watch?v=77hgK73xlF8\">Cirkelns omkrets<\/a>\u00a0 <a href=\"https:\/\/www.youtube.com\/watch?v=U4RKYbVlkcg&amp;index=3&amp;list=PLC0uA88O8pF8q9dt776is30Vee5jGQulC\">Volymen av ett r\u00e4tblock<\/a>\u00a0 \u00a0\u00a0<a href=\"https:\/\/www.youtube.com\/watch?v=VU5F8fciWEM\">Olika kroppars volym<\/a><\/p>\n<p>&nbsp;<\/p>\n<p>&nbsp;<\/p>\n<p>&nbsp;<\/p>\n<p>&nbsp;<\/p>\n<p>&nbsp;<\/p>\n<p><strong>HT 2015<\/strong><\/p>\n<p><strong>v 35:<\/strong><\/p>\n<p><a href=\"http:\/\/robinritsgard.se\/wp-content\/uploads\/2013\/08\/28-aug-positionssystem-decimaltal-och-mitt-emellan.pdf\">28 aug positionssystem, decimaltal och mitt emellan<\/a><\/p>\n<p>youtubeklipp: <a href=\"https:\/\/www.youtube.com\/watch?v=5x7iLaNGUdw\">Decimaltal<\/a>\u00a0 <a href=\"https:\/\/www.youtube.com\/watch?v=01WFKHud6GY\">Decimaltal p\u00e5 tallinje<\/a><\/p>\n<p><strong>v 36:<\/strong><\/p>\n<p><a href=\"http:\/\/robinritsgard.se\/wp-content\/uploads\/2013\/08\/2-september-Br\u00e5kform-blandad-form.pdf\">2 september Br\u00e5kform &#8211; blandad form<\/a><\/p>\n<p><strong>L\u00e4xa till fredag 11 sept<\/strong>: F\u00f6rsta sidan p\u00e5 l\u00e4nken nedan:<\/p>\n<p><a href=\"http:\/\/robinritsgard.se\/wp-content\/uploads\/2013\/08\/3-september-br\u00e5k-decimal-och-procentform..pdf\">3 september br\u00e5k-, decimal- och procentform.<\/a><\/p>\n<p>youtubeklipp: <a href=\"https:\/\/www.youtube.com\/watch?v=u_WMkM1AqNE\">Br\u00e5k-, decimal- och procentform.<\/a> \u00a0\u00a0 <a href=\"https:\/\/www.youtube.com\/watch?v=TtQMMfi7PWw\">Decimalform fr\u00e5n grunden.<\/a><\/p>\n<p><a href=\"http:\/\/robinritsgard.se\/wp-content\/uploads\/2013\/08\/4-september-Synligt-Osynligt.pdf\">4 september Synligt Osynligt<\/a><\/p>\n<p><strong>\u00a0v 37<\/strong><\/p>\n<p><a href=\"http:\/\/robinritsgard.se\/wp-content\/uploads\/2013\/08\/9-september-snabb-gmg-i-procent-dec-och-br\u00e5kform.pdf\">9 september snabb gmg i procent, dec och br\u00e5kform<\/a><\/p>\n<p>youtubeklipp: <a href=\"https:\/\/www.youtube.com\/watch?v=BVxSBflFyHA\">Begrepp inom de fyra r\u00e4knes\u00e4tten<\/a><\/p>\n<p><strong>v 38<\/strong><\/p>\n<p><a href=\"http:\/\/robinritsgard.se\/wp-content\/uploads\/2013\/08\/16-september-Synen-p\u00e5-prov-l\u00e4xf\u00f6rh\u00f6r-tr\u00e4na-mera.pdf\">16 september Synen p\u00e5 prov, l\u00e4xf\u00f6rh\u00f6r, tr\u00e4na mera<\/a><\/p>\n<p><a href=\"http:\/\/robinritsgard.se\/wp-content\/uploads\/2013\/08\/18-sept-Hur-stor-\u00e4r-delen.pdf\">18 sept Hur stor \u00e4r delen<\/a><\/p>\n<p><strong>v 39<\/strong><\/p>\n<p><a href=\"http:\/\/robinritsgard.se\/wp-content\/uploads\/2013\/08\/Synligt-Osynligt1.docx\">Synligt-Osynligt<\/a>\u00a0Stencil som delades ut onsdag 23 sept.<\/p>\n<p><a href=\"http:\/\/robinritsgard.se\/wp-content\/uploads\/2013\/08\/23-sept-Analys-av-synligt-osynligt.pdf\">23 sept Analys av synligt osynligt<\/a><\/p>\n<p><a href=\"http:\/\/robinritsgard.se\/wp-content\/uploads\/2013\/08\/24-sept-Probleml\u00f6sning-hur-man-g\u00f6r-med-texter..pdf\">24 sept Probleml\u00f6sning hur man g\u00f6r med texter.<\/a><\/p>\n<p><strong>v 40<\/strong><\/p>\n<p>youtubeklipp (l\u00e4xa till onsdagen): <a href=\"https:\/\/www.youtube.com\/watch?v=BVxSBflFyHA&amp;index=7&amp;list=PLC0uA88O8pF8h8qiP6gK4VJUBWlTl_INc\">De fyra r\u00e4knes\u00e4tten &#8211; begrepp<\/a><\/p>\n<p><a href=\"https:\/\/www.youtube.com\/watch?v=_GO_j1hNDdk&amp;list=PLC0uA88O8pF8h8qiP6gK4VJUBWlTl_INc&amp;index=8\">De fyra r\u00e4knes\u00e4tten &#8211; uppst\u00e4llningar \u00a0<\/a><\/p>\n<p><a href=\"http:\/\/robinritsgard.se\/wp-content\/uploads\/2013\/08\/1-okt-Addition-subtraktion-och-multiplikation.pdf\">1 okt Addition, subtraktion och multiplikation<\/a><\/p>\n<p><strong>v. 41<\/strong><\/p>\n<p><a href=\"http:\/\/robinritsgard.se\/wp-content\/uploads\/2013\/08\/7-okt-division-kort-trappan-och-stolen.pdf\">7 okt division &#8211; kort, trappan och stolen<\/a><\/p>\n<p><a href=\"http:\/\/robinritsgard.se\/wp-content\/uploads\/2013\/08\/9-okt-Avrundning.pdf\">9 okt Avrundning<\/a><\/p>\n<p>youtube: <a href=\"https:\/\/www.youtube.com\/watch?v=jDYeX-7afxE\">Kort division<\/a>\u00a0 <a href=\"https:\/\/www.youtube.com\/watch?v=YB3hxjTr0JM&amp;list=PLC0uA88O8pF8h8qiP6gK4VJUBWlTl_INc&amp;index=6\">Avrundning<\/a><\/p>\n<p><strong><em>L\u00e4xf\u00f6rh\u00f6r torsdag 15 okt:<\/em><\/strong><\/p>\n<p><em>Omvandla dec, procent och br\u00e5kform.<\/em><\/p>\n<p><em>Blandad form, br\u00e5kform.<\/em><\/p>\n<p><em>Probleml\u00f6sning<\/em><\/p>\n<p><strong><em>Prov torsdag 22 okt:<\/em><\/strong><\/p>\n<p>Kapitel 1 = Samma som ovan + de 4 r\u00e4knes\u00e4tten, avrundning<\/p>\n<p><strong>v. 42<\/strong><\/p>\n<p>youtubeklipp om enheter: \u00a0<a href=\"https:\/\/www.youtube.com\/watch?v=HrlF7EpzSWs&amp;list=PLC0uA88O8pF_QZDckGEmUz-qf1zm_V2nc&amp;index=1\">Prefix <\/a>\u00a0 <a href=\"https:\/\/www.youtube.com\/watch?v=5dGGC2Eahd4&amp;list=PLC0uA88O8pF_QZDckGEmUz-qf1zm_V2nc&amp;index=2\">\u00a0L\u00e4ngd <\/a>\u00a0 \u00a0<a href=\"https:\/\/www.youtube.com\/watch?v=VZ2nzbHbsC0&amp;list=PLC0uA88O8pF_QZDckGEmUz-qf1zm_V2nc&amp;index=3\">Volym<\/a> \u00a0 \u00a0<a href=\"https:\/\/www.youtube.com\/watch?v=WFpnWAAEQAc&amp;index=4&amp;list=PLC0uA88O8pF_QZDckGEmUz-qf1zm_V2nc\">Vikt<\/a><\/p>\n<p><strong>v. 45<\/strong><\/p>\n<p><a href=\"http:\/\/robinritsgard.se\/wp-content\/uploads\/2013\/08\/3-nov-Gmg-av-prov.pdf\">3 nov Gmg av prov<\/a><\/p>\n<p>v. 46<\/p>\n<p><a href=\"http:\/\/robinritsgard.se\/wp-content\/uploads\/2013\/08\/12-nov-inf\u00f6r-muntligt-NP.pdf\">12 nov inf\u00f6r muntligt NP<\/a><\/p>\n<p><a href=\"http:\/\/robinritsgard.se\/wp-content\/uploads\/2013\/08\/13-nov-Multiplikation-med-faktor-som-\u00e4r-mindre-\u00e4n-1.pdf\">13 nov Multiplikation med faktor som \u00e4r mindre \u00e4n 1<\/a>\u00a0L\u00e4xan ligger p\u00e5 sista sidan av genomg\u00e5ngen.<\/p>\n<p><strong>v. 47<\/strong><\/p>\n<p><a href=\"http:\/\/robinritsgard.se\/wp-content\/uploads\/2013\/08\/20-nov-uppskatta-f\u00f6renkla-med-decimaltal.pdf\">20 nov uppskatta, f\u00f6renkla med decimaltal<\/a><\/p>\n<p><strong>v.48<\/strong><\/p>\n<p><a href=\"http:\/\/robinritsgard.se\/wp-content\/uploads\/2013\/08\/26-nov-Vi-leker-med-pbl-andelar-och-antal.pdf\">26 nov Vi leker med pb,l andelar och antal<\/a><\/p>\n<p><strong>v.49<\/strong><\/p>\n<p>Vi repeterar och g\u00f6r klart kap 2.<\/p>\n<p>youtubeklipp: <a href=\"https:\/\/www.youtube.com\/watch?v=kDnUVUo1qrw&amp;index=3&amp;list=PLC0uA88O8pF_60Eki74OqIAG5VfL9WKJu\">Sortera br\u00e5k<\/a>\u00a0 \u00a0<a href=\"https:\/\/www.youtube.com\/watch?v=IvwTcsVQKdo&amp;index=5&amp;list=PLC0uA88O8pF_60Eki74OqIAG5VfL9WKJu\">Olika br\u00e5k men lika stor del<\/a><\/p>\n<p>L\u00e4xa till n\u00e4sta vecka: G\u00f6r klart kapitel 2<\/p>\n<p><strong>v. 50<\/strong><\/p>\n<p>youtubeklipp: <a href=\"https:\/\/www.youtube.com\/watch?v=VysMxd1pE5M\">Sannolikhet<\/a>\u00a0 \u00a0 <a href=\"https:\/\/www.youtube.com\/watch?v=l4IcnJsxMDQ&amp;list=PLC0uA88O8pF8KIZ9ZjvUjxIGTIdEMzvTG&amp;index=2\">Ber\u00e4kningar mha sannolikhet<\/a><\/p>\n<p>&nbsp;<\/p>\n<p>&nbsp;<\/p>\n<p><em>Nedan finns det genomg\u00e5ngar fr\u00e5n tidigare \u00e5r.<\/em><\/p>\n<p><strong>VT 2014<\/strong><\/p>\n<p><strong>v. 2:<\/strong><\/p>\n<p><a href=\"http:\/\/robinritsgard.se\/wp-content\/uploads\/2013\/08\/8-jan-Hur-stor-\u00e4r-delen.pdf\">8 jan Hur stor \u00e4r delen<\/a><\/p>\n<p><a href=\"http:\/\/robinritsgard.se\/wp-content\/uploads\/2013\/08\/10-jan-anv\u00e4nd-motsatt-r\u00e4knes\u00e4tt.pdf\">10 jan anv\u00e4nd motsatt r\u00e4knes\u00e4tt<\/a><\/p>\n<p><strong>v 3:<\/strong><\/p>\n<p><a href=\"http:\/\/robinritsgard.se\/wp-content\/uploads\/2013\/08\/14-jan-procent-av-ngt.pdf\">14 jan procent av ngt<\/a><\/p>\n<p><a href=\"http:\/\/robinritsgard.se\/wp-content\/uploads\/2013\/08\/15-jan-Koordinatsystem.pdf\">15 jan Koordinatsystem<\/a><\/p>\n<p><strong>v 5:<\/strong><\/p>\n<p><a href=\"http:\/\/robinritsgard.se\/wp-content\/uploads\/2013\/08\/29-jan-uttryck-o-prioriteringsregler.pdf\">29 jan uttryck o prioriteringsregler<\/a><\/p>\n<p><a href=\"http:\/\/robinritsgard.se\/wp-content\/uploads\/2013\/08\/31-jan-uttryck-o-prioriteringsregler-forts....pdf\">31 jan uttryck o prioriteringsregler forts&#8230;<\/a><\/p>\n<p><strong>v 6:<\/strong><\/p>\n<p><a href=\"http:\/\/robinritsgard.se\/wp-content\/uploads\/2013\/08\/5-feb-uttryck-och-variabler.pdf\">5 feb uttryck och variabler<\/a><\/p>\n<p><strong>v 9:<\/strong><\/p>\n<p><a href=\"http:\/\/robinritsgard.se\/wp-content\/uploads\/2013\/08\/25-feb-m\u00f6nster.pdf\">25 feb m\u00f6nster<\/a><\/p>\n<p><strong>v 10:<\/strong><\/p>\n<p><a href=\"http:\/\/robinritsgard.se\/wp-content\/uploads\/2013\/08\/4-mars-Rep.-av-ekvationer.pdf\">4 mars Rep. av ekvationer<\/a><\/p>\n<p><strong>v 11:<\/strong><\/p>\n<p><a href=\"http:\/\/robinritsgard.se\/wp-content\/uploads\/2013\/08\/11-mars-L\u00e4gesm\u00e5tt.pdf\">11 mars L\u00e4gesm\u00e5tt<\/a><\/p>\n<p><a href=\"http:\/\/robinritsgard.se\/wp-content\/uploads\/2013\/08\/14-mars-tydlighet-i-redovisning.pdf\">14 mars tydlighet i redovisning<\/a><\/p>\n<p><strong>v 12:<\/strong><\/p>\n<p><a href=\"http:\/\/robinritsgard.se\/wp-content\/uploads\/2013\/08\/18-mars-repetition-fr\u00e5n-prov.pdf\">18 mars repetition (fr\u00e5n prov)<\/a><\/p>\n<p><strong>v 13:<\/strong><\/p>\n<p>NP p\u00e5 fredag i klassrummet, kl 8.20<\/p>\n<p><a href=\"http:\/\/robinritsgard.se\/wp-content\/uploads\/2013\/08\/Tr\u00e4na_upp_sin_f\u00f6rm\u00e5ga_inom_begrepp.docx\">Tr\u00e4na_upp_sin_f\u00f6rm\u00e5ga_inom_begrepp<\/a><\/p>\n<p><a href=\"http:\/\/robinritsgard.se\/wp-content\/uploads\/2013\/08\/Probleml\u00f6sning-hur-man-g\u00f6r.docx\">Probleml\u00f6sning hur man g\u00f6r<\/a><\/p>\n<p><strong>v 14:<\/strong><\/p>\n<p><a href=\"http:\/\/robinritsgard.se\/wp-content\/uploads\/2013\/08\/2-april-m\u00e4ta-vinklar.pdf\">2 april m\u00e4ta vinklar<\/a><\/p>\n<p><strong>v 18:<\/strong><\/p>\n<p><a href=\"http:\/\/robinritsgard.se\/wp-content\/uploads\/2013\/08\/29-april-enheter.pdf\">29 april enheter<\/a><\/p>\n<p><strong>HT 2013<\/strong><\/p>\n<p>v. 34: <a href=\"http:\/\/robinritsgard.se\/wp-content\/uploads\/2013\/08\/21-aug-Positionssystemet.pdf\">21 aug Positionssystemet<\/a><\/p>\n<p>v 35: <a href=\"http:\/\/robinritsgard.se\/wp-content\/uploads\/2013\/08\/Onsdag-\u00e5r-6-28-aug-gmgl\u00e4xa.pdf\">Onsdag \u00e5r 6 28 aug &#8211; gmg&amp;l\u00e4xa<\/a><\/p>\n<p>v 36:<\/p>\n<p>v 37:<\/p>\n<p><a href=\"http:\/\/robinritsgard.se\/wp-content\/uploads\/2013\/08\/10-sept-delar-av-ngt.pdf\">10 sept delar av ngt<\/a><\/p>\n<p><a href=\"http:\/\/robinritsgard.se\/wp-content\/uploads\/2013\/08\/11-sept-br\u00e5kblandaddecprocent.pdf\">11 sept br\u00e5k,blandad,dec&amp;procent<\/a><\/p>\n<p>v 38:<\/p>\n<p><a href=\"http:\/\/robinritsgard.se\/wp-content\/uploads\/2013\/08\/20-sept-probleml\u00f6sning.pdf\">20 sept probleml\u00f6sning<\/a><\/p>\n<p>v 39:<\/p>\n<p><a href=\"http:\/\/robinritsgard.se\/wp-content\/uploads\/2013\/08\/27-sept-gmg-av-prov-del-1.pdf\">27 sept gmg av prov del 1<\/a><\/p>\n<p>v 40:<\/p>\n<p><a href=\"http:\/\/robinritsgard.se\/wp-content\/uploads\/2013\/08\/4-okt-gmg-av-prov-del-2.pdf\">4 okt gmg av prov del 2<\/a><\/p>\n<p>v 41:<\/p>\n<p><a href=\"http:\/\/robinritsgard.se\/wp-content\/uploads\/2013\/08\/8-okt-sj\u00e4lvbed\u00f6mning.pdf\">8 okt sj\u00e4lvbed\u00f6mning<\/a><\/p>\n<p><a href=\"http:\/\/robinritsgard.se\/wp-content\/uploads\/2013\/08\/9-okt-avrundning.pdf\">9 okt avrundning<\/a><\/p>\n<p>v 42:<\/p>\n<p><a href=\"http:\/\/robinritsgard.se\/wp-content\/uploads\/2013\/08\/16-okt-kort-gmg.pdf\">16 okt kort gmg<\/a><\/p>\n<p><a href=\"http:\/\/robinritsgard.se\/wp-content\/uploads\/2013\/08\/18-okt-\u00f6vn.-uppgift.pdf\">18 okt \u00f6vn. uppgift<\/a><\/p>\n<p>v 43:<\/p>\n<p><a href=\"http:\/\/robinritsgard.se\/wp-content\/uploads\/2013\/08\/22-okt-multi-stora-tal.pdf\">22 okt multi stora tal<\/a><\/p>\n<p>Fredagen \u00e4gnades \u00e5t grupp\u00f6vningar d\u00e4r eleverna fick tr\u00e4na p\u00e5 uppgifter med<\/p>\n<p>&#8221;division av 10, 100 och 100.&#8221;<\/p>\n<p>v 46:<\/p>\n<p><a href=\"http:\/\/robinritsgard.se\/wp-content\/uploads\/2013\/08\/12-nov-Se-mer-\u00e4n-bara-tal.pdf\">12 nov Se mer \u00e4n bara tal<\/a><\/p>\n<p>v 47:<\/p>\n<p><a href=\"http:\/\/robinritsgard.se\/wp-content\/uploads\/2013\/08\/Betyg-och-f\u00f6rm\u00e5gor-del-1.pdf\">Betyg och f\u00f6rm\u00e5gor del 1<\/a><\/p>\n<p>v 48:<\/p>\n<p><a href=\"http:\/\/robinritsgard.se\/wp-content\/uploads\/2013\/08\/Tr\u00e4na-mera-pbl.docx\">Tr\u00e4na mera &#8211; pbl<\/a><\/p>\n<p><a href=\"http:\/\/robinritsgard.se\/wp-content\/uploads\/2013\/08\/26-nov-procent.pdf\">26 nov procent<\/a><\/p>\n<p><a href=\"http:\/\/robinritsgard.se\/wp-content\/uploads\/2013\/08\/27-nov-sannolikhet.pdf\">27 nov &#8211; sannolikhet<\/a><\/p>\n<p><a href=\"http:\/\/robinritsgard.se\/wp-content\/uploads\/2013\/08\/29-nov-\u00d6vn-m-sannolikhet.pdf\">29 nov &#8211; \u00d6vn m sannolikhet<\/a><\/p>\n<p><strong>3 ggr i veckan, ca 20 min.<\/strong><\/p>\n<p>&nbsp;<\/p>\n","protected":false},"excerpt":{"rendered":"<p>&#8221;Allt handlar bara om tr\u00e4ning&#8230;&#8221; &#8211; Robin ENHETSOMVANDLARE VT 2016 v 2: 14 jan Koordinatsystem\u00a0 \u00a0 \u00a0youtubeklipp: koordinatsystem 15 jan proportionalitet v. 3 L\u00e4xa till n\u00e4sta vecka: Till och med sidan 143 21 jan Anv\u00e4nda graf f\u00f6r pris per kilo 22 jan hur stor \u00e4r delen repetition \u00a0v. 4 28 jan INF\u00d6R PROVET v. 7 &hellip; <a href=\"http:\/\/robinritsgard.se\/?page_id=5\" class=\"more-link\">Forts\u00e4tt l\u00e4sa<span class=\"screen-reader-text\"> \u201dMatematik \u00e5r 6\u201d<\/span><\/a><\/p>\n","protected":false},"author":1,"featured_media":139,"parent":0,"menu_order":0,"comment_status":"closed","ping_status":"open","template":"","meta":{"footnotes":""},"class_list":["post-5","page","type-page","status-publish","has-post-thumbnail","hentry"],"_links":{"self":[{"href":"http:\/\/robinritsgard.se\/index.php?rest_route=\/wp\/v2\/pages\/5","targetHints":{"allow":["GET"]}}],"collection":[{"href":"http:\/\/robinritsgard.se\/index.php?rest_route=\/wp\/v2\/pages"}],"about":[{"href":"http:\/\/robinritsgard.se\/index.php?rest_route=\/wp\/v2\/types\/page"}],"author":[{"embeddable":true,"href":"http:\/\/robinritsgard.se\/index.php?rest_route=\/wp\/v2\/users\/1"}],"replies":[{"embeddable":true,"href":"http:\/\/robinritsgard.se\/index.php?rest_route=%2Fwp%2Fv2%2Fcomments&post=5"}],"version-history":[{"count":91,"href":"http:\/\/robinritsgard.se\/index.php?rest_route=\/wp\/v2\/pages\/5\/revisions"}],"predecessor-version":[{"id":721,"href":"http:\/\/robinritsgard.se\/index.php?rest_route=\/wp\/v2\/pages\/5\/revisions\/721"}],"wp:featuredmedia":[{"embeddable":true,"href":"http:\/\/robinritsgard.se\/index.php?rest_route=\/wp\/v2\/media\/139"}],"wp:attachment":[{"href":"http:\/\/robinritsgard.se\/index.php?rest_route=%2Fwp%2Fv2%2Fmedia&parent=5"}],"curies":[{"name":"wp","href":"https:\/\/api.w.org\/{rel}","templated":true}]}}