{"id":16,"date":"2013-08-20T18:41:52","date_gmt":"2013-08-20T18:41:52","guid":{"rendered":"http:\/\/robinritsgard.se\/?page_id=16"},"modified":"2022-08-30T09:18:39","modified_gmt":"2022-08-30T08:18:39","slug":"matematik-ar-9","status":"publish","type":"page","link":"http:\/\/robinritsgard.se\/?page_id=16","title":{"rendered":"Matematik \u00e5r 9"},"content":{"rendered":"<p>&#8221;Det jag inte g\u00f6r idag beh\u00f6ver jag g\u00f6ra imorgon&#8221; &#8211; <em>Robin<\/em><\/p>\n<h1><span style=\"color: #0000ff;\"><strong>HT 22<\/strong><\/span><\/h1>\n<p>Br\u00e5k och br\u00e5kr\u00e4kning.<\/p>\n<p>I l\u00e4nkarna kan du hitta relevanta filmer.<\/p>\n<p><a href=\"https:\/\/www.youtube.com\/watch?v=LNzBKRn-Qto&amp;list=PLC0uA88O8pF_60Eki74OqIAG5VfL9WKJu&amp;index=9\">Addition och subtraktion av br\u00e5k.<\/a><\/p>\n<p><a href=\"https:\/\/www.youtube.com\/watch?v=F2pYgUOzfWU&amp;t=200s\">Division av br\u00e5k.<\/a><\/p>\n<hr \/>\n<p>Tidigare \u00e5r nedan.<\/p>\n<p><strong><a href=\"http:\/\/robinritsgard.se\/wp-content\/uploads\/2013\/08\/29-maj-Nycklar-i-framtiden.pdf\">29 maj Nycklar i framtiden<\/a><br \/>\n<\/strong><\/p>\n<p>Tidigare <strong>NP<\/strong> finns <a href=\"https:\/\/www.su.se\/primgruppen\/matematik\/%C3%A5rskurs-9\/tidigare-prov\">h\u00e4r.<\/a><\/p>\n<p><strong>HT2018<\/strong><\/p>\n<p>v.38<\/p>\n<p><a href=\"http:\/\/robinritsgard.se\/wp-content\/uploads\/2013\/08\/21-sept-Avancerade-ekvationer.pdf\">21 sept Avancerade ekvationer<\/a><\/p>\n<p>v. 42<\/p>\n<p>Linj\u00e4ra samband. Spellista kring samband fr\u00e5n \u00e5r 8 finns <a href=\"https:\/\/www.youtube.com\/watch?v=K9fRs_4-4Go&amp;list=PLC0uA88O8pF8ueKpBn9xZ0QJaXHVpNSvx\">h\u00e4r<\/a>\u00a0 \u00a0 \u00a0 \u00a0Andra linj\u00e4ra samband<\/p>\n<p>VT 2017:<\/p>\n<p>v. 2<\/p>\n<p><a href=\"http:\/\/robinritsgard.se\/wp-content\/uploads\/2013\/08\/11-jan-Oberoende-och-beroende-h\u00e4ndelser.pdf\">11 jan Oberoende och beroende h\u00e4ndelser<\/a><\/p>\n<p>youtubeklipp: \u00a0<a href=\"https:\/\/www.youtube.com\/watch?v=VysMxd1pE5M\">Sannolikhet<\/a>\u00a0 \u00a0<a href=\"https:\/\/www.youtube.com\/watch?v=l4IcnJsxMDQ\">Ber\u00e4kningar mha. sannolikhet<\/a>\u00a0 \u00a0<a href=\"https:\/\/www.youtube.com\/watch?v=QzznKqQ_SeU\">Sannolikhet utan \u00e5terl\u00e4ggning<\/a><\/p>\n<p>Dessv\u00e4rre har jag haft tekniska problem med Epsonprojektorn och d\u00e4rf\u00f6r har ingen lektion lagts upp p\u00e5 l\u00e4nge. F\u00f6rs\u00f6ker \u00e5tg\u00e4rda problemet s\u00e5 fort som m\u00f6jligt.<\/p>\n<p>v. 7<\/p>\n<p><a href=\"http:\/\/robinritsgard.se\/wp-content\/uploads\/2013\/08\/Planering-ma-\u00e5r-9-VT-17.docx\">Planering ma \u00e5r 9 VT 17<\/a><\/p>\n<p>v. 9<\/p>\n<p>Funktioner: <a href=\"https:\/\/www.youtube.com\/watch?v=TyvWciZDX7M\">Film 1<\/a>\u00a0 \u00a0 \u00a0 <a href=\"https:\/\/www.youtube.com\/watch?v=zwHDU8Vz-ZM\">Film 2<\/a>\u00a0 \u00a0<a href=\"https:\/\/www.youtube.com\/watch?v=LblIDfLulo8\">Begrepp<\/a>\u00a0 \u00a0<a href=\"http:\/\/www.matteboken.se\/lektioner\/skolar-9\/uttryck-ekvationer-och-funktioner\/funktioner\">L\u00e4nk till matteboken.se<\/a><\/p>\n<p><strong>v.12<\/strong><\/p>\n<p>Till provet n\u00e4sta vecka:<\/p>\n<p>Komplementh\u00e4ndelse<\/p>\n<p>Funktioner, linj\u00e4ra funktioner<\/p>\n<p>Probleml\u00f6sning<\/p>\n<p>HT 2016:<\/p>\n<p><strong>v. 33<\/strong><\/p>\n<p>L\u00e4xa t fredag: repetera grundpotensform.<\/p>\n<p>Tidigare genomg\u00e5ngar: \u00a0 <a href=\"http:\/\/robinritsgard.se\/wp-content\/uploads\/2013\/08\/M\u00e5ndag-\u00e5r-9-26-aug-potenser.pdf\">M\u00e5ndag \u00e5r 9 26 aug-potenser<\/a>\u00a0 \u00a0 \u00a0\u00a0<a href=\"http:\/\/robinritsgard.se\/wp-content\/uploads\/2013\/08\/Tisdag-\u00e5r-9-27-aug-grundpotenser.pdf\">Tisdag \u00e5r 9 27 aug-grundpotenser<\/a><\/p>\n<p>L\u00e4xa till vecka 35: REPETERA s. 11 &#8211; 45<\/p>\n<p><strong>v. 34<\/strong><\/p>\n<p><a href=\"http:\/\/robinritsgard.se\/wp-content\/uploads\/2013\/08\/30-aug-DNA-str\u00e4ngen.pdf\">30-aug-dna-strangen<\/a><\/p>\n<p><strong>v.37<\/strong><\/p>\n<p><a href=\"http:\/\/robinritsgard.se\/wp-content\/uploads\/2013\/08\/13-sept-f\u00f6renkla-parenteser.pdf\">13-sept-forenkla-parenteser<\/a><\/p>\n<p><a href=\"http:\/\/robinritsgard.se\/wp-content\/uploads\/2013\/08\/17-sept-Proportion.pdf\">17-sept-proportion<\/a><\/p>\n<p><strong>v. 38<\/strong><\/p>\n<p><a href=\"http:\/\/robinritsgard.se\/wp-content\/uploads\/2013\/08\/22-sept-Ekvationer-med-procent.pdf\">22-sept-ekvationer-med-procent<\/a><\/p>\n<p><strong>v. 39<\/strong><\/p>\n<p>repetition av <strong>m\u00f6nster<\/strong> och hitta en <strong>generell l\u00f6sning<\/strong>:\u00a0<a href=\"http:\/\/robinritsgard.se\/wp-content\/uploads\/2013\/08\/14-januari-M\u00f6nster.pdf\">14 januari M\u00f6nster<\/a><\/p>\n<p>youtubeklipp: <a href=\"https:\/\/www.youtube.com\/watch?v=dFV_yOCRJ0s&amp;list=PLC0uA88O8pF8_Tum1ZNkqz9S-F9Ns0x3p&amp;index=8\">m\u00f6nster<\/a><\/p>\n<p><strong>v. 40<\/strong><\/p>\n<p><a href=\"http:\/\/robinritsgard.se\/wp-content\/uploads\/2013\/08\/6-okt-SKALA.pdf\">6-okt-skala<\/a><\/p>\n<p>youtubeklipp: <a href=\"https:\/\/www.youtube.com\/watch?v=JrI69GH7xRc\">Skala<\/a><\/p>\n<p><strong>v. 41<\/strong><\/p>\n<p>Till provet n\u00e4sta vecka: <strong>Algebra<\/strong> &#8211; (M\u00f6nster, Ekvationer, Proportion)\u00a0 \u00a0<strong>Grundpotenser, Skala, Area, Likformighet, Omkrets, Volym<\/strong><\/p>\n<p><a href=\"http:\/\/robinritsgard.se\/wp-content\/uploads\/2013\/08\/13-okt-Likformighet.pdf\">13-okt-likformighet<\/a><\/p>\n<p><a href=\"https:\/\/www.youtube.com\/watch?v=8NKhOCIHpOE\">Dogge l\u00e4r ut Pyth-agoras-sats<\/a><\/p>\n<p><strong>v. 45 &#8211; 46<\/strong><\/p>\n<h3><strong>Algebra, funktioner och linj\u00e4ra funktioner:<\/strong><\/h3>\n<p><a href=\"http:\/\/robinritsgard.se\/wp-content\/uploads\/2013\/08\/10-nov-Best\u00e4mma-k-och-m-v\u00e4rde.pdf\">10-nov-bestamma-k-och-m-varde<\/a><\/p>\n<p>youtubeklipp: <a href=\"https:\/\/www.youtube.com\/watch?v=M5B37Dp9lls&amp;list=PLC0uA88O8pF859KulljaiR7taLDIVbqFm\">Begrepp<\/a>\u00a0 \u00a0 \u00a0 <a href=\"https:\/\/www.youtube.com\/watch?v=DQ3tG5ZNd0U&amp;index=2&amp;list=PLC0uA88O8pF859KulljaiR7taLDIVbqFm\">Linj\u00e4ra funktioner<\/a>\u00a0 \u00a0 <a href=\"https:\/\/www.youtube.com\/watch?v=TtCmhZQWlAI&amp;list=PLC0uA88O8pF859KulljaiR7taLDIVbqFm&amp;index=3\">Rita graf i koordinatsystem<\/a>\u00a0 \u00a0 <a href=\"https:\/\/www.youtube.com\/watch?v=SGt1G1m3JNc&amp;list=PLC0uA88O8pF859KulljaiR7taLDIVbqFm&amp;index=4\">R\u00e4ta linjens ekvation<\/a>\u00a0 \u00a0<a href=\"https:\/\/www.youtube.com\/watch?v=558d421VypI&amp;index=5&amp;list=PLC0uA88O8pF859KulljaiR7taLDIVbqFm\">R\u00e4kna ut k-v\u00e4rdet<\/a><\/p>\n<p><strong>VT 2014<\/strong><\/p>\n<p><strong>v 2:<\/strong> 9 jan &#8211; Vi gick igenom vilka omr\u00e5den inom geometri som ni vill f\u00e5 undervisning i och vad ni sj\u00e4lva tar ansvar f\u00f6r.<em> L\u00e4xa till tors 16 jan: bli klar tom s. 119.<\/em><\/p>\n<p><strong>\u00a0v 3:<\/strong><\/p>\n<p><a href=\"http:\/\/robinritsgard.se\/wp-content\/uploads\/2013\/08\/14-jan-kvadratr\u00f6tter.pdf\">14 jan kvadratr\u00f6tter<\/a><\/p>\n<p><strong>v 4:<\/strong>\u00a0 <a href=\"http:\/\/robinritsgard.se\/wp-content\/uploads\/2013\/08\/21-jan-probleml\u00f6sning-upp.-2106.pdf\">21 jan probleml\u00f6sning upp. 2106<\/a><\/p>\n<p><strong>v 6:<\/strong><\/p>\n<p><a href=\"http:\/\/robinritsgard.se\/wp-content\/uploads\/2013\/08\/Tornet-generella-uttryck-20140204140230.pdf\">Tornet &#8211; generella uttryck-20140204140230<\/a><\/p>\n<p><strong>v 10:<\/strong> L\u00e4xa till m\u00e5ndag (v 11): g\u00e5 igenom tidigare NP och kartl\u00e4gg vad du sj\u00e4lv beh\u00f6ver tr\u00e4na mera p\u00e5.<\/p>\n<p><strong>v 11:<\/strong><\/p>\n<p><a href=\"http:\/\/robinritsgard.se\/wp-content\/uploads\/2013\/08\/11-mars-Linj\u00e4ra-funktioner.pdf\">11 mars Linj\u00e4ra funktioner<\/a><\/p>\n<p><strong>v 12:<\/strong><\/p>\n<p>Vi b\u00f6rjar repetera infor NP. (Kom ih\u00e5g att g\u00e5 igenom tidigare NP, ovan)<\/p>\n<p>H\u00e4r har jag lagt ut n\u00e5gra <strong>videoklipp fr\u00e5n youtube<\/strong> inom n\u00e5gra av de omr\u00e5den ni ville repetera:<\/p>\n<p><a title=\"Br\u00e5kr\u00e4kning\" href=\"http:\/\/www.youtube.com\/watch?v=yLE8SPISZEw\">Br\u00e5kr\u00e4kning\u00a0<\/a>\u00a0\u00a0\u00a0\u00a0\u00a0\u00a0 <a href=\"http:\/\/www.youtube.com\/watch?v=UrvVcHsSmbw\">Linj\u00e4ra funktioner<\/a><\/p>\n<p><a href=\"http:\/\/www.youtube.com\/watch?v=72P81NEu9Jk\">R\u00e4kna m procent<\/a>\u00a0\u00a0\u00a0\u00a0\u00a0\u00a0\u00a0\u00a0\u00a0\u00a0 <a href=\"http:\/\/www.youtube.com\/watch?v=wEugBPGh9hQ\">R\u00e4kna m r\u00e4nta\u00a0\u00a0\u00a0<\/a>\u00a0\u00a0\u00a0\u00a0\u00a0 <a href=\"http:\/\/www.youtube.com\/watch?v=BfrVk2NbkMk\">Br\u00e5k och procent<\/a><\/p>\n<p><a href=\"http:\/\/www.youtube.com\/watch?v=Pd-NnxAFXug\">Ekvationer steg 1<\/a>\u00a0\u00a0\u00a0\u00a0\u00a0\u00a0\u00a0\u00a0\u00a0 <a href=\"http:\/\/www.youtube.com\/watch?v=iQDpu17Cu48\">Ekvationer steg 2\u00a0\u00a0\u00a0\u00a0<\/a>\u00a0\u00a0\u00a0\u00a0\u00a0\u00a0\u00a0 <a href=\"http:\/\/www.youtube.com\/watch?v=u6mNFjndOyA\">Ekvationer m parenteser<\/a><\/p>\n<p><a href=\"http:\/\/www.youtube.com\/watch?v=3iivEnKEJ88\">Pythagoras sats\u00a0\u00a0\u00a0<\/a>\u00a0\u00a0\u00a0\u00a0\u00a0\u00a0\u00a0\u00a0\u00a0 <a href=\"http:\/\/www.youtube.com\/watch?v=PmEGwy8VZOc\">Negativa tal\u00a0<\/a>\u00a0\u00a0\u00a0\u00a0\u00a0\u00a0\u00a0\u00a0\u00a0 <a href=\"http:\/\/www.youtube.com\/watch?v=-yN2m850L8Q\">Areaskala och volymskala<\/a><\/p>\n<p><em>\u00a0<\/em><\/p>\n<p><a href=\"http:\/\/www.youtube.com\/watch?v=3HhflviRceM\">F\u00f6r\u00e4ndringsfaktor<\/a> \u00a0 \u00a0 \u00a0 \u00a0 <a href=\"http:\/\/www.youtube.com\/watch?v=CdRP7iLkSTc\">Upprepade f\u00f6r\u00e4ndringar\u00a0\u00a0<\/a>\u00a0\u00a0\u00a0\u00a0\u00a0\u00a0\u00a0 <a href=\"http:\/\/www.youtube.com\/watch?v=2Q-Rp0XNFSo\">Ta hj\u00e4lp av en ekvation i procent<\/a><\/p>\n<p><a href=\"http:\/\/www.youtube.com\/watch?v=MrN2Zt-kqfI&amp;list=UUb_cHK9e10ohpQe4CC6OEiA\">Likformighet<\/a><\/p>\n<p><a href=\"http:\/\/www.youtube.com\/watch?v=Nuf8EodxNGM&amp;list=UUb_cHK9e10ohpQe4CC6OEiA\">Rymddiagonal<\/a><\/p>\n<p><strong>\u00a0v 15:<\/strong><\/p>\n<p>Genomg\u00e5ng av <a href=\"http:\/\/robinritsgard.se\/wp-content\/uploads\/2013\/08\/8-april-f\u00f6r\u00e4ndringsfaktor.pdf\">8 april f\u00f6r\u00e4ndringsfaktor<\/a><\/p>\n<p><strong>v 18.<\/strong><\/p>\n<p><a href=\"http:\/\/robinritsgard.se\/wp-content\/uploads\/2013\/08\/28-april-Anpassning-av-linj\u00e4ra.pdf\">28 april Anpassning av linj\u00e4ra<\/a><\/p>\n<p><strong>v 20:<\/strong><\/p>\n<p><a href=\"http:\/\/robinritsgard.se\/wp-content\/uploads\/2013\/08\/12-maj-Inf\u00f6r-muntliga-20140512154134.pdf\">12 maj Inf\u00f6r muntliga-20140512154134<\/a><\/p>\n<p><strong>v 22<\/strong><\/p>\n<p>L\u00e4xan till m\u00e5ndag n\u00e4sta vecka: <a href=\"http:\/\/robinritsgard.se\/wp-content\/uploads\/2013\/08\/Synligt-Osynligt.docx\">Synligt-Osynligt<\/a><\/p>\n<p><strong>HT 2013<\/strong><\/p>\n<p><strong>v. 34:\u00a0<\/strong><\/p>\n<p><a href=\"http:\/\/robinritsgard.se\/wp-content\/uploads\/2013\/08\/Torsdag-\u00e5r-9-22-aug-gmg1.pdf\">Torsdag \u00e5r 9 22 aug-gmg1<\/a><\/p>\n<p><a href=\"http:\/\/robinritsgard.se\/wp-content\/uploads\/2013\/08\/Torsdag-\u00e5r-9-22-aug-gmg2.pdf\">Torsdag \u00e5r 9 22 aug-gmg2<\/a><\/p>\n<p><strong>v. 35: <\/strong><\/p>\n<p><a href=\"http:\/\/robinritsgard.se\/wp-content\/uploads\/2013\/08\/M\u00e5ndag-\u00e5r-9-26-aug-potenser.pdf\">M\u00e5ndag \u00e5r 9 26 aug-potenser<\/a><\/p>\n<p><a href=\"http:\/\/robinritsgard.se\/wp-content\/uploads\/2013\/08\/Negativa-tal-regler.doc\">Negativa tal regler <\/a><\/p>\n<p><a href=\"http:\/\/robinritsgard.se\/wp-content\/uploads\/2013\/08\/Tisdag-\u00e5r-9-27-aug-grundpotenser.pdf\">Tisdag \u00e5r 9 27 aug-grundpotenser<\/a><\/p>\n<p><a href=\"http:\/\/robinritsgard.se\/wp-content\/uploads\/2013\/08\/L\u00e4xa-29-augusti.docx\">L\u00e4xa 29 augusti<\/a><\/p>\n<p><strong>v 37:<\/strong><\/p>\n<p><a href=\"http:\/\/robinritsgard.se\/wp-content\/uploads\/2013\/08\/9-sept-negativa-tal.pdf\">9 sept negativa tal<\/a><\/p>\n<p><a href=\"http:\/\/robinritsgard.se\/wp-content\/uploads\/2013\/08\/vattenmelon.pdf\">vattenmelon<\/a><\/p>\n<p>v 38:<\/p>\n<p><a href=\"http:\/\/robinritsgard.se\/wp-content\/uploads\/2013\/08\/Uppgift-1052-samt-rep.-av-potenser.pdf\">Uppgift 1052 samt rep. av potenser<\/a><\/p>\n<p>v 41:<\/p>\n<p><a href=\"http:\/\/robinritsgard.se\/wp-content\/uploads\/2013\/08\/8-okt-f\u00f6renkla-uttryck.pdf\">8 okt f\u00f6renkla uttryck<\/a><\/p>\n<p><strong>youtubeklipp<\/strong>: <a href=\"http:\/\/www.youtube.com\/watch?v=ok4gAxSWPQM\">f\u00f6renkla uttryck<\/a> \u00a0 \u00a0 \u00a0\u00a0 <a href=\"http:\/\/www.youtube.com\/watch?v=L2IzmTn0io0\">ekvationer<\/a>\u00a0\u00a0\u00a0\u00a0 <a href=\"http:\/\/www.youtube.com\/watch?v=FEa4p3FvcGY\">probleml\u00f6sning med fingermetoden<\/a><\/p>\n<p>v 42:<\/p>\n<p><a href=\"http:\/\/robinritsgard.se\/wp-content\/uploads\/2013\/08\/Lathund-f\u00f6r-uttryck.docx\">Lathund f\u00f6r uttryck<\/a><\/p>\n<p><a href=\"http:\/\/robinritsgard.se\/wp-content\/uploads\/2013\/08\/12-okt-teckna-uttryck.pdf\">12 okt teckna uttryck<\/a><\/p>\n<p>v 45:<\/p>\n<p>Prov &#8211; grundpotenser, tiopotenser och algebra<\/p>\n<p>v 46:<\/p>\n<p><a href=\"http:\/\/robinritsgard.se\/wp-content\/uploads\/2013\/08\/12-nov-begrepp-och-probleml\u00f6sning.pdf\">12 nov begrepp och probleml\u00f6sning<\/a><\/p>\n<p>Torsdagens lektion utg\u00e5r. Ist\u00e4llet ska ni g\u00f6ra: <a href=\"http:\/\/robinritsgard.se\/wp-content\/uploads\/2013\/08\/L\u00e4xa-probleml\u00f6sning.docx\">L\u00e4xa probleml\u00f6sning<\/a><\/p>\n<p>v 47:<\/p>\n<p><a href=\"http:\/\/robinritsgard.se\/wp-content\/uploads\/2013\/08\/19-nov-Procent-och-ekvationer.pdf\">19 nov Procent och ekvationer<\/a><\/p>\n<p>v 48:<\/p>\n<p><a href=\"http:\/\/robinritsgard.se\/wp-content\/uploads\/2013\/08\/L\u00e4xa-till-6-dec.docx\">L\u00e4xa till 6 dec<\/a><\/p>\n<p><strong>Kom ih\u00e5g: 3 ggr i veckan, ca 20 min.<\/strong><\/p>\n","protected":false},"excerpt":{"rendered":"<p>&#8221;Det jag inte g\u00f6r idag beh\u00f6ver jag g\u00f6ra imorgon&#8221; &#8211; Robin HT 22 Br\u00e5k och br\u00e5kr\u00e4kning. I l\u00e4nkarna kan du hitta relevanta filmer. Addition och subtraktion av br\u00e5k. Division av br\u00e5k. Tidigare \u00e5r nedan. 29 maj Nycklar i framtiden Tidigare NP finns h\u00e4r. HT2018 v.38 21 sept Avancerade ekvationer v. 42 Linj\u00e4ra samband. Spellista kring &hellip; <a href=\"http:\/\/robinritsgard.se\/?page_id=16\" class=\"more-link\">Forts\u00e4tt l\u00e4sa<span class=\"screen-reader-text\"> \u201dMatematik \u00e5r 9\u201d<\/span><\/a><\/p>\n","protected":false},"author":1,"featured_media":137,"parent":0,"menu_order":0,"comment_status":"closed","ping_status":"open","template":"","meta":{"footnotes":""},"class_list":["post-16","page","type-page","status-publish","has-post-thumbnail","hentry"],"_links":{"self":[{"href":"http:\/\/robinritsgard.se\/index.php?rest_route=\/wp\/v2\/pages\/16","targetHints":{"allow":["GET"]}}],"collection":[{"href":"http:\/\/robinritsgard.se\/index.php?rest_route=\/wp\/v2\/pages"}],"about":[{"href":"http:\/\/robinritsgard.se\/index.php?rest_route=\/wp\/v2\/types\/page"}],"author":[{"embeddable":true,"href":"http:\/\/robinritsgard.se\/index.php?rest_route=\/wp\/v2\/users\/1"}],"replies":[{"embeddable":true,"href":"http:\/\/robinritsgard.se\/index.php?rest_route=%2Fwp%2Fv2%2Fcomments&post=16"}],"version-history":[{"count":90,"href":"http:\/\/robinritsgard.se\/index.php?rest_route=\/wp\/v2\/pages\/16\/revisions"}],"predecessor-version":[{"id":1064,"href":"http:\/\/robinritsgard.se\/index.php?rest_route=\/wp\/v2\/pages\/16\/revisions\/1064"}],"wp:featuredmedia":[{"embeddable":true,"href":"http:\/\/robinritsgard.se\/index.php?rest_route=\/wp\/v2\/media\/137"}],"wp:attachment":[{"href":"http:\/\/robinritsgard.se\/index.php?rest_route=%2Fwp%2Fv2%2Fmedia&parent=16"}],"curies":[{"name":"wp","href":"https:\/\/api.w.org\/{rel}","templated":true}]}}