{"id":142,"date":"2013-09-18T19:39:05","date_gmt":"2013-09-18T19:39:05","guid":{"rendered":"http:\/\/robinritsgard.se\/?page_id=142"},"modified":"2021-01-22T10:10:26","modified_gmt":"2021-01-22T09:10:26","slug":"idrott-och-halsa","status":"publish","type":"page","link":"http:\/\/robinritsgard.se\/?page_id=142","title":{"rendered":"Idrott och h\u00e4lsa"},"content":{"rendered":"<p>T\u00e4nk p\u00e5 att alltid ta med ombyte eftersom det oftast finns n\u00e5got som just du kan tr\u00e4na p\u00e5.<\/p>\n<p>Vi \u00e4r ute oavsett v\u00e4der.<\/p>\n<p><strong>DANSKOMPLETTERING \u00c5R 8 och 9:<\/strong><\/p>\n<p>Tr\u00e4na p\u00e5 f\u00f6ljande danser:<\/p>\n<p>E-niv\u00e5:\u00a0<a href=\"https:\/\/www.youtube.com\/watch?v=CJVAKWA5M4U\">Blue (Da ba dee)<\/a>\u00a0 \u00a0 \u00a0<em>Eleven anpassar sina r\u00f6relser till viss del till takt och rytm.<\/em><\/p>\n<p>C-niv\u00e5:\u00a0<a href=\"https:\/\/www.youtube.com\/watch?v=JRmFBocfXCQ\">Let me love you<\/a>\u00a0 \u00a0 \u00a0<em>H\u00e4r m\u00e5ste man kunna g\u00f6ra taktbyten utan problem.\u00a0 \u00a0 \u00a0 \u00a0 \u00a0 \u00a0 \u00a0 \u00a0 \u00a0 \u00a0 \u00a0 \u00a0 \u00a0 \u00a0 \u00a0 \u00a0 \u00a0 \u00a0 \u00a0 \u00a0 \u00a0 \u00a0 \u00a0 \u00a0 \u00a0 \u00a0 \u00a0 \u00a0 \u00a0 \u00a0 \u00a0 \u00a0 \u00a0 \u00a0 \u00a0Anpassar r\u00f6relserna relativt v\u00e4l.<\/em><\/p>\n<p>A-niv\u00e5: <a href=\"https:\/\/www.youtube.com\/watch?v=6h5LieoWoa4\">Party rock anthem\u00a0<\/a>\u00a0 \u00a0 \u00a0 \u00a0 \u00a0eller\u00a0 \u00a0 \u00a0 \u00a0<a href=\"https:\/\/www.youtube.com\/watch?v=HDZ0jmrrkvA\">Ain\u00b4t my fault<\/a><\/p>\n<p><em>H\u00e4r m\u00e5ste man kunna hantera tv\u00e5 takter samtidigt. Vara\u00a0 \u00a0 \u00a0 \u00a0 \u00a0 \u00a0 \u00a0 \u00a0 \u00a0 \u00a0 \u00a0 \u00a0 \u00a0 \u00a0 \u00a0 \u00a0 \u00a0 \u00a0 \u00a0 \u00a0 \u00a0 \u00a0 \u00a0 \u00a0 avslappnad och f\u00f6ljsam i sin dans.<\/em><\/p>\n<p><strong>REDSKAP \u00c5R 8 och 9<\/strong>:\u00a0<a href=\"https:\/\/www.youtube.com\/watch?v=27Tc9HwIyPk&amp;list=PL6t1ULCmGLI3lVJUX6PnmIRW2_TSEtcnf\">Redskapsfilmer<\/a>\u00a0 (titta igenom hela spellistan)<\/p>\n<h2><strong>Sk\u00f6nhetsideal, \u00e4tst\u00f6rningar och dopning \u00e5r 8:<\/strong><\/h2>\n<p>PPT fr\u00e5n f\u00f6rsta lektionen: <a href=\"http:\/\/robinritsgard.se\/wp-content\/uploads\/2013\/09\/Sk\u00f6nhetsideal.pptx\">Sk\u00f6nhetsideal<\/a><\/p>\n<p>Retuscheringfilmer:\u00a0 \u00a0<a href=\"https:\/\/www.youtube.com\/watch?v=17j5QzF3kqE\">Bodyevolution<\/a>\u00a0 \u00a0 <a href=\"https:\/\/www.youtube.com\/watch?v=dLNTb2zfh3Q\">Killar som blir retuscherade<\/a><\/p>\n<p>PPT fr\u00e5n andra lektionen: <a href=\"http:\/\/robinritsgard.se\/wp-content\/uploads\/2013\/09\/\u00c4tst\u00f6rningar-och-doping.pptx\">\u00c4tst\u00f6rningar och doping<\/a><\/p>\n<p>Filmer: <a href=\"https:\/\/www.youtube.com\/watch?v=PGwJtCfMBx8\">En film om anabola<\/a>\u00a0 \u00a0 \u00a0 <a href=\"https:\/\/www.youtube.com\/watch?v=hjm3XTMEUAM\">My eating disorder<\/a><\/p>\n<p>youtubeklipp: \u00a0 <a href=\"https:\/\/www.youtube.com\/watch?v=aV8dS2m9Adc\">Introduktion till salsa<\/a><\/p>\n<h2><\/h2>\n<h2><strong>ORIENTERING:<\/strong><\/h2>\n<p><a href=\"https:\/\/www.youtube.com\/watch?v=fAq4PtE97JQ&amp;index=1&amp;list=PLacOAgoJlFhn5vRgcF_l5QzrA7CIeuuBR\">Orientering<\/a><\/p>\n<p><a href=\"http:\/\/robinritsgard.se\/wp-content\/uploads\/2013\/09\/l\u00e4r-dig-orientera.pdf\">l\u00e4r-dig-orientera<\/a><\/p>\n<h2><\/h2>\n<h2><strong>Inf\u00f6r livr\u00e4ddning och att bada isvak, filmer<\/strong>:<\/h2>\n<p><a href=\"https:\/\/www.youtube.com\/watch?v=gkJ4dhtMZIA\">L\u00e4r dig livr\u00e4ddning<\/a>\u00a0 \u00a0 <a href=\"https:\/\/www.youtube.com\/watch?v=cFd9jljZCFA\">S\u00e4kerhet p\u00e5 is<\/a><\/p>\n<p>Stencil \u00e5r 9: \u00a0<a href=\"http:\/\/robinritsgard.se\/wp-content\/uploads\/2013\/09\/Isvett-och-S\u00c4KERHET.docx\">Isvett och S\u00c4KERHET<\/a><\/p>\n<p>Stencil \u00e5r 6:\u00a0 <a href=\"http:\/\/robinritsgard.se\/wp-content\/uploads\/2013\/09\/Badvett-och-isvett.docx\">Badvett och isvett<\/a><\/p>\n<h3><strong>Filmer inf\u00f6r Vandringen \u00e5r 9<\/strong>:<\/h3>\n<h3><a href=\"http:\/\/youtu.be\/tGlmcSca7yI\">Linda stukad fot<\/a><\/h3>\n<p><a href=\"http:\/\/youtu.be\/a9Xmesf4SDM\">Tryckf\u00f6rband<\/a>\u00a0 \u00a0<a href=\"https:\/\/www.youtube.com\/watch?v=Dp8yB0XDFJg\">Stoppa bl\u00f6dning<\/a>\u00a0 \u00a0<a href=\"https:\/\/www.youtube.com\/watch?v=_q6aNhyQuSQ\">Yttre bl\u00f6dning<\/a>\u00a0 \u00a0 <a href=\"https:\/\/www.youtube.com\/watch?v=CBazaWsuZnQ\">Bygga vindskydd<\/a>\u00a0 \u00a0 \u00a0<a href=\"https:\/\/www.youtube.com\/watch?v=gpi_rzn7nB4\">G\u00f6ra eldstad<\/a><\/p>\n<p><a href=\"https:\/\/www.youtube.com\/watch?v=Fzboee1C5e4\">The man in the fj\u00e4llr\u00e4ven shirt<\/a><\/p>\n<p><strong>Inf\u00f6r Kungsberget \u00e5r 8:<\/strong><\/p>\n<p><a href=\"https:\/\/www.youtube.com\/watch?v=_yfFGDuJ2g0\">Bra att t\u00e4nka p\u00e5 som nyb\u00f6rjare<\/a> &#8211; Engelska<\/p>\n<p><a href=\"https:\/\/www.youtube.com\/watch?v=Pz6mvLLnMzo\">S\u00e5 h\u00e4r s\u00e4tter du p\u00e5 en pj\u00e4xa<\/a>.<\/p>\n<p><em>Jag kan inte ta ansvar f\u00f6r inneh\u00e5llet p\u00e5 dessa sidor. Om n\u00e5got av inneh\u00e5llet skulle vara ol\u00e4mpligt \u00e4r jag tacksam f\u00f6r om ni uppm\u00e4rksammar mig p\u00e5 det.<\/em><\/p>\n","protected":false},"excerpt":{"rendered":"<p>T\u00e4nk p\u00e5 att alltid ta med ombyte eftersom det oftast finns n\u00e5got som just du kan tr\u00e4na p\u00e5. Vi \u00e4r ute oavsett v\u00e4der. DANSKOMPLETTERING \u00c5R 8 och 9: Tr\u00e4na p\u00e5 f\u00f6ljande danser: E-niv\u00e5:\u00a0Blue (Da ba dee)\u00a0 \u00a0 \u00a0Eleven anpassar sina r\u00f6relser till viss del till takt och rytm. C-niv\u00e5:\u00a0Let me love you\u00a0 \u00a0 \u00a0H\u00e4r m\u00e5ste &hellip; <a href=\"http:\/\/robinritsgard.se\/?page_id=142\" class=\"more-link\">Forts\u00e4tt l\u00e4sa<span class=\"screen-reader-text\"> \u201dIdrott och h\u00e4lsa\u201d<\/span><\/a><\/p>\n","protected":false},"author":1,"featured_media":21,"parent":0,"menu_order":0,"comment_status":"closed","ping_status":"open","template":"","meta":{"footnotes":""},"class_list":["post-142","page","type-page","status-publish","has-post-thumbnail","hentry"],"_links":{"self":[{"href":"http:\/\/robinritsgard.se\/index.php?rest_route=\/wp\/v2\/pages\/142","targetHints":{"allow":["GET"]}}],"collection":[{"href":"http:\/\/robinritsgard.se\/index.php?rest_route=\/wp\/v2\/pages"}],"about":[{"href":"http:\/\/robinritsgard.se\/index.php?rest_route=\/wp\/v2\/types\/page"}],"author":[{"embeddable":true,"href":"http:\/\/robinritsgard.se\/index.php?rest_route=\/wp\/v2\/users\/1"}],"replies":[{"embeddable":true,"href":"http:\/\/robinritsgard.se\/index.php?rest_route=%2Fwp%2Fv2%2Fcomments&post=142"}],"version-history":[{"count":59,"href":"http:\/\/robinritsgard.se\/index.php?rest_route=\/wp\/v2\/pages\/142\/revisions"}],"predecessor-version":[{"id":1059,"href":"http:\/\/robinritsgard.se\/index.php?rest_route=\/wp\/v2\/pages\/142\/revisions\/1059"}],"wp:featuredmedia":[{"embeddable":true,"href":"http:\/\/robinritsgard.se\/index.php?rest_route=\/wp\/v2\/media\/21"}],"wp:attachment":[{"href":"http:\/\/robinritsgard.se\/index.php?rest_route=%2Fwp%2Fv2%2Fmedia&parent=142"}],"curies":[{"name":"wp","href":"https:\/\/api.w.org\/{rel}","templated":true}]}}