{"id":14,"date":"2013-08-20T18:46:29","date_gmt":"2013-08-20T18:46:29","guid":{"rendered":"http:\/\/robinritsgard.se\/?page_id=14"},"modified":"2019-09-20T13:28:35","modified_gmt":"2019-09-20T12:28:35","slug":"matematik-ar-8","status":"publish","type":"page","link":"http:\/\/robinritsgard.se\/?page_id=14","title":{"rendered":"Matematik \u00e5r 8"},"content":{"rendered":"<p>&#8221;Den som tr\u00e4nar mycket, kan ocks\u00e5 mycket&#8221; &#8211; <em>Robin<br \/>\n<\/em><\/p>\n<p><strong>HT 2018<\/strong><\/p>\n<p><a href=\"http:\/\/robinritsgard.se\/wp-content\/uploads\/2013\/08\/Grovplanering-Ma-\u00e5r-8-HT18.docx\">Grovplanering Ma \u00e5r 8 HT18<\/a><\/p>\n<p>&nbsp;<\/p>\n<p>&nbsp;<\/p>\n<p>L\u00e4xa ist\u00e4llet f\u00f6r lektion fredag 24 aug:<\/p>\n<ol>\n<li>Titta p\u00e5 de b\u00e5da youtubeklippen:\u00a0 <a href=\"https:\/\/www.youtube.com\/watch?v=PmEGwy8VZOc\">R\u00e4kna med negativa tal<\/a>\u00a0 \u00a0<a href=\"https:\/\/www.youtube.com\/watch?v=yr6kuy3-Kfw\">Multiplikation med negativa tal<\/a><\/li>\n<li>L\u00e4s igenom stencilen om Negativa tal regler:\u00a0 <a href=\"http:\/\/robinritsgard.se\/wp-content\/uploads\/2013\/08\/Negativa-tal-regler-1.doc\">Negativa tal regler<\/a><\/li>\n<li>Tr\u00e4na i ditt ma-h\u00e4fte p\u00e5 uppgifterna p\u00e5 f\u00f6ljande fil.\u00a0\u00a0<a href=\"http:\/\/robinritsgard.se\/wp-content\/uploads\/2013\/08\/Negativa-tal-tr\u00e4ning-\u00e5r-8.doc\">Negativa tal tr\u00e4ning \u00e5r 8<\/a><\/li>\n<\/ol>\n<p>&nbsp;<\/p>\n<p><strong>v.36\u00a0 Potenser<\/strong><\/p>\n<p>youtubeklipp: <a href=\"https:\/\/www.youtube.com\/watch?v=FiUHqGnOS9U\">Tal i potensform<\/a>\u00a0 \u00a0 \u00a0<a href=\"https:\/\/www.youtube.com\/watch?v=CxL8gktASxE\">R\u00e4kna med potenser<\/a>\u00a0 \u00a0 <a href=\"https:\/\/www.youtube.com\/watch?v=V3JxUvovJPU\">Potenser med negativ exponent<\/a>\u00a0 \u00a0 \u00a0 \u00a0 <a href=\"https:\/\/www.youtube.com\/watch?v=0QahtBIa2Ds\">Grundpotensform<\/a><\/p>\n<p><strong>v. 37<\/strong><\/p>\n<p><a href=\"http:\/\/robinritsgard.se\/wp-content\/uploads\/2013\/08\/14-sept-Grundpotensform.pdf\">14 sept Grundpotensform<\/a><\/p>\n<p><strong>v. 38<\/strong><\/p>\n<p><a href=\"http:\/\/robinritsgard.se\/wp-content\/uploads\/2013\/08\/20-sept-Ber\u00e4kningar-av-grundpotenser.pdf\">20 sept Ber\u00e4kningar av grundpotenser<\/a><\/p>\n<p><a href=\"http:\/\/robinritsgard.se\/wp-content\/uploads\/2013\/08\/21-sept-Division-av-GP-form.pdf\">21 sept Division av GP-form<\/a><\/p>\n<p><strong>v. 39<\/strong><\/p>\n<p><a href=\"http:\/\/robinritsgard.se\/wp-content\/uploads\/2013\/08\/27-sept-M\u00f6nster-och-generella-formler.pdf\">27 sept M\u00f6nster och generella formler<\/a><\/p>\n<p>&nbsp;<\/p>\n<p>youtubeklipp:\u00a0 <a href=\"https:\/\/www.youtube.com\/watch?v=dfhQuMnUBpo\">Ekvationsl\u00f6sning<\/a>\u00a0 \u00a0 \u00a0<a href=\"https:\/\/www.youtube.com\/watch?v=dFV_yOCRJ0s\">M\u00f6nster och uttryck<\/a>\u00a0 \u00a0 \u00a0 <a href=\"https:\/\/www.youtube.com\/watch?v=yFrc6mxt7RA\">Probleml\u00f6sning mha ekvationer<\/a><\/p>\n<p><a href=\"https:\/\/www.youtube.com\/watch?v=j-s_VTKDyEA\">Ekvationer med x i b\u00e5da leden<\/a><\/p>\n<p><strong>v. 41<\/strong><\/p>\n<p><a href=\"http:\/\/robinritsgard.se\/wp-content\/uploads\/2013\/08\/11-okt-Uttryck-och-parenteser.pdf\">11 okt Uttryck och parenteser<\/a><\/p>\n<p><strong>v. 42<\/strong><\/p>\n<p><a href=\"http:\/\/robinritsgard.se\/wp-content\/uploads\/2013\/08\/19-okt-Uttryck-med-parenteser.pdf\">19 okt Uttryck med parenteser<\/a><\/p>\n<p><a href=\"http:\/\/robinritsgard.se\/wp-content\/uploads\/2013\/08\/19-okt-Generella-uttryck-repetition.pdf\">19 okt Generella uttryck &#8211; repetition<\/a><\/p>\n<p>&nbsp;<\/p>\n<p>&nbsp;<\/p>\n<p><strong>VT 2018<\/strong><\/p>\n<p><strong>v.2<\/strong><\/p>\n<p><a href=\"http:\/\/robinritsgard.se\/wp-content\/uploads\/2013\/08\/11-jan-Snabb-repetition-av-geometri.pdf\">11 jan Snabb repetition av geometri<\/a><\/p>\n<p><strong>v.3<\/strong><\/p>\n<p>youtube:\u00a0 \u00a0<a href=\"https:\/\/www.youtube.com\/watch?v=77hgK73xlF8\">Cirkelns omkrets<\/a>\u00a0 \u00a0 \u00a0 <a href=\"https:\/\/www.youtube.com\/watch?v=ZfIFc_v8XCQ&amp;t=4s\">Cirkelns area<\/a>\u00a0 \u00a0<a href=\"https:\/\/www.youtube.com\/watch?v=VU5F8fciWEM\">Olika kroppars volym<\/a>\u00a0 \u00a0 <a href=\"https:\/\/www.youtube.com\/watch?v=X2GO6a_lcHw\">Spetsiga kroppars volym<\/a><\/p>\n<p><a href=\"http:\/\/robinritsgard.se\/wp-content\/uploads\/2013\/08\/19-jan-Cirkelsektor.pdf\">19 jan Cirkelsektor<\/a><\/p>\n<p>&nbsp;<\/p>\n<p><strong>v. 11<\/strong><\/p>\n<p><a href=\"http:\/\/robinritsgard.se\/wp-content\/uploads\/2013\/08\/16-mars-Tr\u00e4na-resonemang.pdf\">16 mars Tr\u00e4na resonemang<\/a><\/p>\n<p>&nbsp;<\/p>\n<p><strong>v. 15<\/strong><\/p>\n<p><a href=\"https:\/\/www.youtube.com\/watch?v=OwmUgiNKL90\">Proportionalitet<\/a>\u00a0 \u00a0 \u00a0 \u00a0 \u00a0 \u00a0 \u00a0 <a href=\"https:\/\/www.youtube.com\/watch?v=zsewYOx18x0\">\u00a0Linj\u00e4ra samband<\/a><\/p>\n<p>L\u00e4xa till 27 april: s. 148 &#8211; 163<\/p>\n<p>&nbsp;<\/p>\n<p><strong>HT 2017<\/strong><\/p>\n<p>Omr\u00e5de: Procent, decimal, och br\u00e5k.<\/p>\n<p>youtubeklipp:<\/p>\n<p><a href=\"https:\/\/www.youtube.com\/watch?v=7p9z0GJA4W8&amp;list=PLC0uA88O8pF8uTSmO2hKEJE7aFYTGfzgP\">Ber\u00e4kna andelen<\/a>\u00a0 \u00a0\u00a0<a href=\"https:\/\/www.youtube.com\/watch?v=7p9z0GJA4W8&amp;list=PLC0uA88O8pF8uTSmO2hKEJE7aFYTGfzgP\">Ber\u00e4kna det hela<\/a>\u00a0 \u00a0<a href=\"https:\/\/www.youtube.com\/watch?v=Wb1WVOVEqbc&amp;list=PLC0uA88O8pF8uTSmO2hKEJE7aFYTGfzgP&amp;index=3\">R\u00e4kna m procent i decimalform<\/a><\/p>\n<p><a href=\"https:\/\/www.youtube.com\/watch?v=3HhflviRceM&amp;list=PLC0uA88O8pF8uTSmO2hKEJE7aFYTGfzgP&amp;index=4\">F\u00f6r\u00e4ndringsfaktor<\/a>\u00a0 \u00a0 \u00a0\u00a0<a href=\"https:\/\/www.youtube.com\/watch?v=CdRP7iLkSTc&amp;list=PLC0uA88O8pF8uTSmO2hKEJE7aFYTGfzgP&amp;index=5\">Upprepade f\u00f6r\u00e4ndringar<\/a>\u00a0 \u00a0 \u00a0 \u00a0<a href=\"https:\/\/www.youtube.com\/watch?v=k-uGIn6Pm7E&amp;list=PLC0uA88O8pF8uTSmO2hKEJE7aFYTGfzgP&amp;index=6\">R\u00e4nta<\/a>\u00a0 \u00a0\u00a0<a href=\"https:\/\/www.youtube.com\/watch?v=2Q-Rp0XNFSo&amp;list=PLC0uA88O8pF8uTSmO2hKEJE7aFYTGfzgP&amp;index=9\">Ta ekvationer till hj\u00e4lp<\/a><\/p>\n<p><a href=\"https:\/\/www.youtube.com\/watch?v=YB3hxjTr0JM&amp;list=PLC0uA88O8pF8h8qiP6gK4VJUBWlTl_INc&amp;index=6\">Avrundning<\/a><\/p>\n<p><strong>v. 40<\/strong><\/p>\n<p><a href=\"http:\/\/robinritsgard.se\/wp-content\/uploads\/2013\/08\/6-okt-Tr\u00e4na-f\u00f6rm\u00e5gan-att-f\u00f6rst\u00e5-procent-med-egna-uppgifter..pdf\">6 okt Tr\u00e4na f\u00f6rm\u00e5gan att f\u00f6rst\u00e5 procent med egna uppgifter.<\/a><\/p>\n<p><strong>v. 41<\/strong><\/p>\n<p>Gmg fr\u00e5n tidigare \u00e5r:\u00a0<a href=\"http:\/\/robinritsgard.se\/wp-content\/uploads\/2013\/08\/1-okt-procentenheter-procentuell-f\u00f6r\u00e4ndring-samt-R\u00c4NTEKOSTNAD.pdf\">1 okt procentenheter, procentuell f\u00f6r\u00e4ndring samt R\u00c4NTEKOSTNAD<\/a><\/p>\n<p>L\u00e4xa till fre: Vad \u00e4r r\u00e4nta? Hur r\u00e4knar man med r\u00e4nta?<\/p>\n<p><a href=\"http:\/\/robinritsgard.se\/wp-content\/uploads\/2013\/08\/13-okt-Introduktion-till-R\u00c4NTA.pdf\">13 okt Introduktion till R\u00c4NTA<\/a><\/p>\n<p><strong>v.42<\/strong><\/p>\n<p>Repetition av grundpotensform:\u00a0 <a href=\"https:\/\/www.youtube.com\/watch?v=0QahtBIa2Ds\">Sm\u00e5 och stora tal<\/a>\u00a0 \u00a0<a href=\"https:\/\/www.youtube.com\/watch?v=eKLIYgprsmU\">R\u00e4kna med tal i grundpotensform<\/a><\/p>\n<p><a href=\"http:\/\/robinritsgard.se\/wp-content\/uploads\/2013\/08\/19-20-okt-L\u00e5na-pengar-till-bil.pdf\">19-20 okt L\u00e5na pengar till bil<\/a><\/p>\n<p><strong>v. 48<\/strong><\/p>\n<p>Torsdag 30 nov: <a href=\"https:\/\/www.youtube.com\/watch?v=xnjwBlL06G0&amp;index=3&amp;list=PLC0uA88O8pF_Izr8mpisK2fTKpnkzR-cW\">Procentuell f\u00f6r\u00e4ndring<\/a>\u00a0 <a href=\"https:\/\/www.youtube.com\/watch?v=CdRP7iLkSTc&amp;list=PLC0uA88O8pF_Izr8mpisK2fTKpnkzR-cW&amp;index=9\">Upprepade f\u00f6r\u00e4ndringar<\/a>\u00a0 <a href=\"https:\/\/www.youtube.com\/watch?v=2Q-Rp0XNFSo&amp;list=PLC0uA88O8pF_Izr8mpisK2fTKpnkzR-cW&amp;index=10\">Ta ekvationer till hj\u00e4lp<\/a><\/p>\n<p>Fredag 1 dec:\u00a0<a href=\"http:\/\/robinritsgard.se\/wp-content\/uploads\/2013\/08\/1-dec-Procent-och-algebra.pdf\">1 dec Procent och algebra<\/a><\/p>\n<p><em>Inf\u00f6r provet n\u00e4sta fredag<\/em>: Kap 1 + Kap 4 (om procent och r\u00e4nta) + H\u00e4ften kring procent och r\u00e4nta.<\/p>\n<p>&nbsp;<\/p>\n<p>&nbsp;<\/p>\n<p>&nbsp;<\/p>\n<p><strong>VT 2016<\/strong><\/p>\n<p><strong>v 2:<\/strong><\/p>\n<p><a href=\"http:\/\/robinritsgard.se\/wp-content\/uploads\/2013\/08\/L\u00e4xa-Algebra.docx\">L\u00e4xa Algebra<\/a><\/p>\n<p><a href=\"http:\/\/www.elevspel.se\/amnen\/matematik\/520-algebra-7.html\">Elevspel<\/a>\u00a0(uttryck och m\u00f6nster)<\/p>\n<p><a href=\"http:\/\/robinritsgard.se\/wp-content\/uploads\/2013\/08\/14-januari-M\u00f6nster.pdf\">14 januari M\u00f6nster<\/a><\/p>\n<p>youtubeklipp: <a href=\"https:\/\/www.youtube.com\/watch?v=dFV_yOCRJ0s&amp;list=PLC0uA88O8pF8_Tum1ZNkqz9S-F9Ns0x3p&amp;index=8\">M\u00f6nster<\/a><\/p>\n<p><strong>v 3:<\/strong><\/p>\n<p><a href=\"http:\/\/robinritsgard.se\/wp-content\/uploads\/2013\/08\/20-jan-skapa-egna-algebraiska-uppg..pdf\">20 jan skapa egna algebraiska uppg.<\/a><\/p>\n<p><a href=\"http:\/\/robinritsgard.se\/wp-content\/uploads\/2013\/08\/21-jan-algebra-m-parenteser.pdf\">21 jan algebra m parenteser<\/a><\/p>\n<p>L\u00e4xa t. n\u00e4sta vecka: G\u00e5 igenom alla youtubeklipp nedan:<\/p>\n<p><a href=\"https:\/\/www.youtube.com\/watch?v=2mxD4axanSY&amp;index=4&amp;list=PLC0uA88O8pF-jdpKrxPuGWcuUn7woVD-J\">F\u00f6renkla uttryck m Justin Bieber<\/a>\u00a0 \u00a0<a href=\"https:\/\/www.youtube.com\/watch?v=6t91UiVPHcg&amp;index=5&amp;list=PLC0uA88O8pF-jdpKrxPuGWcuUn7woVD-J\">F\u00f6renkla uttryck och s\u00e4tt in v\u00e4rden<\/a><\/p>\n<p>Baskunskaper i ekvationer, fingermetoden: <a href=\"https:\/\/www.youtube.com\/watch?v=ptX-HNDM7h8&amp;list=PLC0uA88O8pF-jdpKrxPuGWcuUn7woVD-J&amp;index=1\">Likheter och ekvationer<\/a><\/p>\n<p><a href=\"https:\/\/www.youtube.com\/watch?v=dfhQuMnUBpo&amp;list=PLC0uA88O8pF8_Tum1ZNkqz9S-F9Ns0x3p&amp;index=4\">Ekvationer mha balansmetoden<\/a>\u00a0 \u00a0<a href=\"https:\/\/www.youtube.com\/watch?v=u6mNFjndOyA&amp;index=6&amp;list=PLC0uA88O8pF8_Tum1ZNkqz9S-F9Ns0x3p\">Ekvationer m parenteser<\/a>\u00a0 <a href=\"https:\/\/www.youtube.com\/watch?v=j-s_VTKDyEA&amp;list=PLC0uA88O8pF8_Tum1ZNkqz9S-F9Ns0x3p&amp;index=11\">Ekvationer m x i b\u00e5da led<\/a><\/p>\n<p><strong>v. 5<\/strong><\/p>\n<p><a href=\"http:\/\/robinritsgard.se\/wp-content\/uploads\/2013\/08\/4-feb-Geometri.pdf\">4 feb Geometri<\/a><\/p>\n<p><strong>\u00a0v. 6<\/strong><\/p>\n<p><a href=\"http:\/\/robinritsgard.se\/wp-content\/uploads\/2013\/08\/10-feb-rep-av-Volym.pdf\">10 feb rep av Volym<\/a>\u00a0L\u00e4xa till n\u00e4sta vecka: tom. s 182<\/p>\n<p>youtubeklipp: <a href=\"https:\/\/www.youtube.com\/watch?v=U4RKYbVlkcg&amp;index=3&amp;list=PLC0uA88O8pF8q9dt776is30Vee5jGQulC\">Volymen av ett r\u00e4tblock<\/a>\u00a0<a href=\"https:\/\/www.youtube.com\/watch?v=VU5F8fciWEM&amp;index=4&amp;list=PLC0uA88O8pF8q9dt776is30Vee5jGQulC\">Olika kroppars volymer<\/a><\/p>\n<p><a href=\"https:\/\/www.youtube.com\/watch?v=X2GO6a_lcHw&amp;list=PLC0uA88O8pF8q9dt776is30Vee5jGQulC&amp;index=5\">Pyramid och kon<\/a>\u00a0 \u00a0<a href=\"https:\/\/www.youtube.com\/watch?v=JrI69GH7xRc&amp;index=6&amp;list=PLC0uA88O8pF8q9dt776is30Vee5jGQulC\">Skala<\/a><\/p>\n<p><strong>v. 7<\/strong><\/p>\n<p>Inf\u00f6r provet p\u00e5 torsdag:<\/p>\n<p><em>Algebra (uttryck, m\u00f6nster, ekvationer)<\/em><\/p>\n<p><em>Br\u00e5kr\u00e4kning<\/em><\/p>\n<p><em>Repetition av r\u00e4nta, tiopotenser och grundpotensform.<\/em><\/p>\n<p><strong>v. 9<\/strong><\/p>\n<p><a href=\"http:\/\/robinritsgard.se\/wp-content\/uploads\/2013\/08\/2-mars-praktisk-volym.pdf\">2 mars praktisk volym<\/a><\/p>\n<p><strong>v. 10<\/strong><\/p>\n<p><a href=\"http:\/\/robinritsgard.se\/wp-content\/uploads\/2013\/08\/10-mars-Gmg-av-Prov.pdf\">10 mars Gmg av Prov<\/a><\/p>\n<p><strong>v. 11<\/strong><\/p>\n<p>youtubeklipp: <a href=\"https:\/\/www.youtube.com\/watch?v=3iivEnKEJ88\">Pythagoras Sats<\/a>\u00a0 \u00a0 \u00a0 \u00a0\u00a0<a href=\"https:\/\/www.youtube.com\/watch?v=W0HkwbB-gP8\">Kvadratr\u00f6tter<\/a><\/p>\n<p><a href=\"http:\/\/robinritsgard.se\/wp-content\/uploads\/2013\/08\/16-mars-Pythagoras-sats.pdf\">16 mars Pythagoras sats<\/a><\/p>\n<p><strong>v. 14<\/strong><\/p>\n<p>Litet prov p\u00e5 m\u00e5ndag v.15 &#8211; (Volym och br\u00e5kr\u00e4kning)<\/p>\n<p>Nu b\u00f6rjar vi omr\u00e5det &#8221;Sannolikhet och statistik&#8221;<\/p>\n<p>youtubeklipp: \u00a0<a href=\"https:\/\/www.youtube.com\/watch?v=VysMxd1pE5M\">Sannolikhet<\/a>\u00a0 \u00a0<a href=\"https:\/\/www.youtube.com\/watch?v=l4IcnJsxMDQ\">Ber\u00e4kningar mha. sannolikhet<\/a>\u00a0 \u00a0<a href=\"https:\/\/www.youtube.com\/watch?v=QzznKqQ_SeU\">Sannolikhet utan \u00e5terl\u00e4ggning<\/a><\/p>\n<p><strong>v. 15<\/strong><\/p>\n<p><a href=\"http:\/\/robinritsgard.se\/wp-content\/uploads\/2013\/08\/13-april-Sannolikhet-i-fler-steg.pdf\">13 april Sannolikhet i fler steg<\/a><\/p>\n<p><strong>v. 16<\/strong><\/p>\n<p>youtubeklipp: \u00a0 <a href=\"https:\/\/www.youtube.com\/watch?v=kseKxP9zeeM\">Median och medelv\u00e4rde<\/a>\u00a0 <a href=\"https:\/\/www.youtube.com\/watch?v=dg9hJLD_8Gg\">Typv\u00e4rde, median och medelv\u00e4rde i diagram<\/a><\/p>\n<p>L\u00e4xa till ons v.17: \u00a0Sannolikhet s.262 &#8211; 268 + L\u00e4gesm\u00e5tt s.278 &#8211; 283<\/p>\n<p>tidigare gmg: \u00a0<a href=\"http:\/\/robinritsgard.se\/wp-content\/uploads\/2013\/08\/23-jan-Typv\u00e4rde-medelv\u00e4rde-o-median.pdf\">23 jan Typv\u00e4rde medelv\u00e4rde o median<\/a>\u00a0 \u00a0 \u00a0<a href=\"http:\/\/robinritsgard.se\/wp-content\/uploads\/2013\/08\/16-mars-medelv\u00e4rde-median-och-typv\u00e4rde.pdf\">16 mars medelv\u00e4rde, median och typv\u00e4rde<\/a><\/p>\n<p><strong>v. 19<\/strong><\/p>\n<p><a href=\"http:\/\/robinritsgard.se\/wp-content\/uploads\/2013\/08\/11-maj-tr\u00e4ddiagram-m-sannolikhet.pdf\">11 maj tr\u00e4ddiagram m sannolikhet<\/a><\/p>\n<p><a href=\"http:\/\/robinritsgard.se\/wp-content\/uploads\/2013\/08\/12-maj-L\u00e4gesm\u00e5tt-i-diagram.pdf\">12 maj L\u00e4gesm\u00e5tt i diagram<\/a><\/p>\n<p><strong>v. 20<\/strong><\/p>\n<p>Vi tr\u00e4nar inf\u00f6r provet i &#8221;Statistik och Sannolikhet&#8221; n\u00e4sta vecka.<\/p>\n<p><strong>OBS! Lektionen p\u00e5 onsdag \u00e4r inst\u00e4lld.<\/strong> Alla g\u00f6r ett &#8221;tr\u00e4ningsprov&#8221; ist\u00e4llet.<\/p>\n<p>Finns bifogad h\u00e4r:\u00a0<a href=\"http:\/\/robinritsgard.se\/wp-content\/uploads\/2013\/08\/Omprov-\u00e5r-8-i-statistik-och-sannolikhet.docx\">Omprov \u00e5r 8 i statistik och sannolikhet<\/a><\/p>\n<p><a href=\"http:\/\/robinritsgard.se\/wp-content\/uploads\/2013\/08\/19-maj-Gmg-av-sista-uppgiften-halvt.pdf\">19 maj Gmg av sista uppgiften halvt<\/a><\/p>\n<p>&nbsp;<\/p>\n<p>&nbsp;<\/p>\n<p>&nbsp;<\/p>\n<p><strong>HT2015<\/strong><\/p>\n<p>Omr\u00e5de: Procent, decimal, och br\u00e5k.<\/p>\n<p>youtubeklipp:<\/p>\n<p><a href=\"https:\/\/www.youtube.com\/watch?v=7p9z0GJA4W8&amp;list=PLC0uA88O8pF8uTSmO2hKEJE7aFYTGfzgP\">Ber\u00e4kna andelen<\/a>\u00a0 \u00a0 <a href=\"https:\/\/www.youtube.com\/watch?v=7p9z0GJA4W8&amp;list=PLC0uA88O8pF8uTSmO2hKEJE7aFYTGfzgP\">Ber\u00e4kna det hela<\/a>\u00a0 \u00a0<a href=\"https:\/\/www.youtube.com\/watch?v=Wb1WVOVEqbc&amp;list=PLC0uA88O8pF8uTSmO2hKEJE7aFYTGfzgP&amp;index=3\">R\u00e4kna m procent i decimalform<\/a><\/p>\n<p><a href=\"https:\/\/www.youtube.com\/watch?v=3HhflviRceM&amp;list=PLC0uA88O8pF8uTSmO2hKEJE7aFYTGfzgP&amp;index=4\">F\u00f6r\u00e4ndringsfaktor<\/a>\u00a0 \u00a0 \u00a0 <a href=\"https:\/\/www.youtube.com\/watch?v=CdRP7iLkSTc&amp;list=PLC0uA88O8pF8uTSmO2hKEJE7aFYTGfzgP&amp;index=5\">Upprepade f\u00f6r\u00e4ndringar<\/a>\u00a0 \u00a0 \u00a0 \u00a0<a href=\"https:\/\/www.youtube.com\/watch?v=k-uGIn6Pm7E&amp;list=PLC0uA88O8pF8uTSmO2hKEJE7aFYTGfzgP&amp;index=6\">R\u00e4nta<\/a>\u00a0 \u00a0 <a href=\"https:\/\/www.youtube.com\/watch?v=2Q-Rp0XNFSo&amp;list=PLC0uA88O8pF8uTSmO2hKEJE7aFYTGfzgP&amp;index=9\">Ta ekvationer till hj\u00e4lp<\/a><\/p>\n<p><a href=\"https:\/\/www.youtube.com\/watch?v=YB3hxjTr0JM&amp;list=PLC0uA88O8pF8h8qiP6gK4VJUBWlTl_INc&amp;index=6\">Avrundning<\/a><\/p>\n<p><strong>v 34:<\/strong><\/p>\n<p><a href=\"http:\/\/robinritsgard.se\/wp-content\/uploads\/2013\/08\/20-aug-Andelar-och-enklaste-form.pdf\">20 aug Andelar och enklaste form<\/a><\/p>\n<p><strong>v 35:<\/strong><\/p>\n<p><a href=\"http:\/\/robinritsgard.se\/wp-content\/uploads\/2013\/08\/26-aug-andel-vs.-procentuell-f\u00f6r\u00e4ndring.pdf\">26 aug andel vs. procentuell f\u00f6r\u00e4ndring<\/a><\/p>\n<p><strong>v. 37<\/strong><\/p>\n<p><a href=\"http:\/\/robinritsgard.se\/wp-content\/uploads\/2013\/08\/7-september-procentuell-skillnad.pdf\">7 september procentuell skillnad<\/a><\/p>\n<p><strong>v. 38<\/strong><\/p>\n<p><a href=\"http:\/\/robinritsgard.se\/wp-content\/uploads\/2013\/08\/17-sept-F\u00f6r\u00e4ndringsfaktor-och-R\u00e4nta.pdf\">17 sept F\u00f6r\u00e4ndringsfaktor och R\u00e4nta<\/a><\/p>\n<p><strong>v. 39<\/strong><\/p>\n<p><a href=\"http:\/\/robinritsgard.se\/wp-content\/uploads\/2013\/08\/24-sept.-Procentkamrater-och-ff.pdf\">24 sept. Procentkamrater och ff<\/a><\/p>\n<p><strong>v. 40<\/strong><\/p>\n<p><a href=\"http:\/\/robinritsgard.se\/wp-content\/uploads\/2013\/08\/1-okt-procentenheter-procentuell-f\u00f6r\u00e4ndring-samt-R\u00c4NTEKOSTNAD.pdf\">1 okt procentenheter, procentuell f\u00f6r\u00e4ndring samt R\u00c4NTEKOSTNAD<\/a><\/p>\n<p><strong>v. 41<\/strong><\/p>\n<p><a href=\"http:\/\/robinritsgard.se\/wp-content\/uploads\/2013\/08\/7-okt-gmg-av-provfr\u00e5gor-lillaprovet.pdf\">7 okt gmg av provfr\u00e5gor lillaprovet<\/a><\/p>\n<p><em>Nedan finns genomg\u00e5ngar fr\u00e5n tidigare \u00e5r:<\/em><\/p>\n<p><strong>v. 42<\/strong><\/p>\n<p><a href=\"http:\/\/robinritsgard.se\/wp-content\/uploads\/2013\/08\/15-okt-R\u00e4kna-med-br\u00e5k.pdf\">15 okt R\u00e4kna med br\u00e5k<\/a><\/p>\n<p><a href=\"https:\/\/www.youtube.com\/watch?v=LNzBKRn-Qto&amp;index=9&amp;list=PLC0uA88O8pF_60Eki74OqIAG5VfL9WKJu\">Addition och subtraktion av br\u00e5k<\/a><\/p>\n<p><strong>v. 45<\/strong><\/p>\n<p><a href=\"http:\/\/robinritsgard.se\/wp-content\/uploads\/2013\/08\/5-nov-Division-av-br\u00e5k.pdf\">5 nov Division av br\u00e5k<\/a><\/p>\n<p><strong>v. 49<\/strong><\/p>\n<p><a href=\"http:\/\/robinritsgard.se\/wp-content\/uploads\/2013\/08\/2-dec-tiopotenser-och-grundpotensform+r\u00e4kning.pdf\">2 dec tiopotenser och grundpotensform+r\u00e4kning<\/a><\/p>\n<p><a href=\"http:\/\/robinritsgard.se\/wp-content\/uploads\/2013\/08\/3-dec-Det-du-ska-kunna-innan-terminen-\u00e4r-slut..pdf\">3 dec Det du ska kunna innan terminen \u00e4r slut.<\/a><\/p>\n<p>&nbsp;<\/p>\n<p>&nbsp;<\/p>\n<p><strong>VT 2014<\/strong><\/p>\n<p><strong>v 2:<\/strong> 8 jan &#8211; repetition av procent och br\u00e5k. <em>L\u00e4xa till n\u00e4sta onsdag (15 jan)<\/em><\/p>\n<p><strong>v 3:<\/strong> <a href=\"http:\/\/robinritsgard.se\/wp-content\/uploads\/2013\/08\/13-jan-10%-av-ngt.pdf\">13 jan 10% av ngt<\/a><\/p>\n<p><strong>v. 4:<\/strong> <a href=\"http:\/\/robinritsgard.se\/wp-content\/uploads\/2013\/08\/20-jan-area-och-omkrets.pdf\">20 jan area och omkrets\u00a0\u00a0\u00a0<\/a>\u00a0\u00a0\u00a0\u00a0\u00a0\u00a0 Kom ih\u00e5g! l\u00e4xa till ons v.5 Namn + fram tom. s.172<\/p>\n<p><strong>v. 5:<\/strong> <a href=\"http:\/\/robinritsgard.se\/wp-content\/uploads\/2013\/08\/31-jan-cirkelns-area-och-omkrets.pdf\">31 jan cirkelns area och omkrets<\/a><\/p>\n<p>Kom ih\u00e5g! l\u00e4xa till ons v.6 Namn + fram tom. s.178<\/p>\n<p><strong>v 14:<\/strong><\/p>\n<p><a href=\"http:\/\/www.youtube.com\/watch?v=SgHNaW2dr7o\">M\u00f6nster och uttryck del 1<\/a>\u00a0\u00a0\u00a0\u00a0\u00a0\u00a0\u00a0 <a href=\"http:\/\/www.youtube.com\/watch?v=dEfuYAol8N4\">M\u00f6nster och uttryck del 2<\/a><\/p>\n<p><strong>v 19:<\/strong><\/p>\n<p><a href=\"http:\/\/robinritsgard.se\/wp-content\/uploads\/2013\/08\/9-maj-begrepp-och-pbl-20140509140009.pdf\">9 maj begrepp och pbl-20140509140009<\/a><\/p>\n<p>&nbsp;<\/p>\n<p><strong>HT 2013<\/strong><\/p>\n<p><strong>v. 34: <\/strong><\/p>\n<p><a href=\"http:\/\/robinritsgard.se\/wp-content\/uploads\/2013\/08\/fredag-\u00e5r-8-23-aug-gmg-1.pdf\">fredag \u00e5r 8 23 aug &#8211; gmg 1<\/a><\/p>\n<p><strong>v. 35:<\/strong><\/p>\n<p><a href=\"http:\/\/robinritsgard.se\/wp-content\/uploads\/2013\/08\/m\u00e5ndag-\u00e5r-8-26-aug-f\u00f6rkorta.pdf\">m\u00e5ndag \u00e5r 8 26 aug &#8211; f\u00f6rkorta<\/a><\/p>\n<p><strong>v. 36:<\/strong><\/p>\n<p><a href=\"http:\/\/robinritsgard.se\/wp-content\/uploads\/2013\/08\/m\u00e5ndag-2-sept-f\u00f6rkorta-och-f\u00f6rl\u00e4ng-st\u00f6rre-tal.pdf\">m\u00e5ndag 2 sept &#8211; f\u00f6rkorta och f\u00f6rl\u00e4ng st\u00f6rre tal <\/a><\/p>\n<p><a href=\"http:\/\/robinritsgard.se\/wp-content\/uploads\/2013\/08\/fredag-6-sept-gmg-1.pdf\">fredag 6 sept &#8211; gmg 1<\/a><\/p>\n<p><strong>v.37: <\/strong><em>Repetera addition och subtraktion<strong><br \/>\n<\/strong><\/em><\/p>\n<p><strong>v.38: <\/strong><em>Repetera addition och subtraktion<\/em><strong><br \/>\n<\/strong><\/p>\n<p><strong>v 39: <\/strong><em>Repetera multiplikation<\/em><\/p>\n<p><strong>v 40<\/strong>: <em>Repetera multiplikation. Multiplikationstest.<\/em><\/p>\n<p><strong>v. 41:<\/strong> Br\u00e5kr\u00e4kning. L\u00e4xa till onsdag (v 42) s. 26 &#8211; 28<\/p>\n<p>v 43: <a href=\"http:\/\/robinritsgard.se\/wp-content\/uploads\/2013\/08\/21-okt-procent-av-ngt-+-l\u00e4xa.pdf\">21 okt procent av ngt + l\u00e4xa<\/a><\/p>\n<p>v 45: <a href=\"http:\/\/robinritsgard.se\/wp-content\/uploads\/2013\/08\/4-nov-gmg-av-probleml\u00f6sning.pdf\">4 nov gmg av probleml\u00f6sning<\/a><\/p>\n<p><a href=\"http:\/\/robinritsgard.se\/wp-content\/uploads\/2013\/08\/8-nov-gmg-av-prov.pdf\">8 nov gmg av prov<\/a><\/p>\n<p><strong><em>L\u00e4xa under v 44: Multiplikationstabellen, repetera tidigare kapitel, samt uppgifterna p\u00e5 sidan 51. Prov efter lovet: s 6 &#8211; 36<\/em><\/strong><\/p>\n<p>v 47: <a href=\"http:\/\/robinritsgard.se\/wp-content\/uploads\/2013\/08\/18-nov-hur-mkt-\u00e4r-klockan-om....pdf\">18 nov hur mkt \u00e4r klockan om&#8230;<\/a><\/p>\n<p><a href=\"http:\/\/robinritsgard.se\/wp-content\/uploads\/2013\/08\/22-nov-\u00f6vningar-m-klockan.pdf\">22 nov \u00f6vningar m klockan<\/a><\/p>\n<p>v 48:<\/p>\n<p><a href=\"http:\/\/robinritsgard.se\/wp-content\/uploads\/2013\/08\/29-nov-Procent-och-r\u00e4nta.pdf\">29 nov Procent och r\u00e4nta<\/a><\/p>\n<p>L\u00e4xa till onsdag v 49: se f\u00f6ljande <a href=\"http:\/\/www.youtube.com\/watch?v=k-uGIn6Pm7E\">film<\/a><\/p>\n<p>v 49:<\/p>\n<p><a href=\"http:\/\/robinritsgard.se\/wp-content\/uploads\/2013\/08\/2-dec-rea-\u00f6kning-priser-m-andelar.pdf\">2 dec rea, \u00f6kning, priser m andelar<\/a><\/p>\n<p><a href=\"http:\/\/robinritsgard.se\/wp-content\/uploads\/2013\/08\/6-dec-Procentuell-\u00f6kning-minskning-flera-\u00e5r.pdf\">6 dec Procentuell \u00f6kning-minskning flera \u00e5r<\/a><\/p>\n<p><strong>3 ggr i veckan, ca 20 min.<\/strong><\/p>\n","protected":false},"excerpt":{"rendered":"<p>&#8221;Den som tr\u00e4nar mycket, kan ocks\u00e5 mycket&#8221; &#8211; Robin HT 2018 Grovplanering Ma \u00e5r 8 HT18 &nbsp; &nbsp; L\u00e4xa ist\u00e4llet f\u00f6r lektion fredag 24 aug: Titta p\u00e5 de b\u00e5da youtubeklippen:\u00a0 R\u00e4kna med negativa tal\u00a0 \u00a0Multiplikation med negativa tal L\u00e4s igenom stencilen om Negativa tal regler:\u00a0 Negativa tal regler Tr\u00e4na i ditt ma-h\u00e4fte p\u00e5 uppgifterna p\u00e5 &hellip; <a href=\"http:\/\/robinritsgard.se\/?page_id=14\" class=\"more-link\">Forts\u00e4tt l\u00e4sa<span class=\"screen-reader-text\"> \u201dMatematik \u00e5r 8\u201d<\/span><\/a><\/p>\n","protected":false},"author":1,"featured_media":138,"parent":0,"menu_order":0,"comment_status":"closed","ping_status":"open","template":"","meta":{"footnotes":""},"class_list":["post-14","page","type-page","status-publish","has-post-thumbnail","hentry"],"_links":{"self":[{"href":"http:\/\/robinritsgard.se\/index.php?rest_route=\/wp\/v2\/pages\/14","targetHints":{"allow":["GET"]}}],"collection":[{"href":"http:\/\/robinritsgard.se\/index.php?rest_route=\/wp\/v2\/pages"}],"about":[{"href":"http:\/\/robinritsgard.se\/index.php?rest_route=\/wp\/v2\/types\/page"}],"author":[{"embeddable":true,"href":"http:\/\/robinritsgard.se\/index.php?rest_route=\/wp\/v2\/users\/1"}],"replies":[{"embeddable":true,"href":"http:\/\/robinritsgard.se\/index.php?rest_route=%2Fwp%2Fv2%2Fcomments&post=14"}],"version-history":[{"count":112,"href":"http:\/\/robinritsgard.se\/index.php?rest_route=\/wp\/v2\/pages\/14\/revisions"}],"predecessor-version":[{"id":915,"href":"http:\/\/robinritsgard.se\/index.php?rest_route=\/wp\/v2\/pages\/14\/revisions\/915"}],"wp:featuredmedia":[{"embeddable":true,"href":"http:\/\/robinritsgard.se\/index.php?rest_route=\/wp\/v2\/media\/138"}],"wp:attachment":[{"href":"http:\/\/robinritsgard.se\/index.php?rest_route=%2Fwp%2Fv2%2Fmedia&parent=14"}],"curies":[{"name":"wp","href":"https:\/\/api.w.org\/{rel}","templated":true}]}}