{"id":10,"date":"2013-08-20T18:50:40","date_gmt":"2013-08-20T18:50:40","guid":{"rendered":"http:\/\/robinritsgard.se\/?page_id=10"},"modified":"2019-09-20T13:28:35","modified_gmt":"2019-09-20T12:28:35","slug":"matematik-ar-7","status":"publish","type":"page","link":"http:\/\/robinritsgard.se\/?page_id=10","title":{"rendered":"Matematik \u00e5r 7"},"content":{"rendered":"<p>&#8221;Vi tar det lugnt s\u00e5 att vi f\u00f6rst\u00e5r och kommer ih\u00e5g&#8221; &#8211; <em>Robin<\/em><\/p>\n<p><strong><em>Vissa genomg\u00e5ngar \u00e4r plockade fr\u00e5n f\u00f6reg\u00e5ende \u00e5r. Fler genomg\u00e5ngar finns l\u00e4ngre ner p\u00e5 sidan. Ni \u00e4r v\u00e4lkomna att titta!<\/em><\/strong><\/p>\n<p>L\u00c4NK TILL MATEMATISKA BEGREPP P\u00c5 22 OLIKA SPR\u00c5K finns <a href=\"http:\/\/modersmal.skolverket.se\/index.php\/component\/content\/article\/7\/17\">h\u00e4r<\/a>.<\/p>\n<p><strong>VT &#8211; 17<\/strong><\/p>\n<p>Vi b\u00f6rjar med hastighet och tid. \u00a0 youtube: \u00a0<a href=\"https:\/\/www.youtube.com\/watch?v=d29whCg9YJk\">Medelhastighet<\/a>\u00a0 \u00a0\u00a0<a href=\"https:\/\/www.youtube.com\/watch?v=kI1E1zl_mHE\">Tid<\/a><\/p>\n<p><strong>v. 5<\/strong><\/p>\n<p>P\u00e5 onsdag har vi genomg\u00e5ng av l\u00e4gesm\u00e5tt. F\u00f6rbered dig h\u00e4r: \u00a0<a href=\"https:\/\/www.youtube.com\/watch?v=kseKxP9zeeM\">Medelv\u00e4rde och median<\/a>\u00a0 \u00a0 <a href=\"https:\/\/www.youtube.com\/watch?v=dg9hJLD_8Gg\">\u00a0Medelv\u00e4rde, median och typv\u00e4rde ur ett diagram.<\/a><\/p>\n<p>&nbsp;<\/p>\n<p>HT &#8211; 16<\/p>\n<p>v.34<\/p>\n<p><a href=\"http:\/\/robinritsgard.se\/wp-content\/uploads\/2013\/08\/24-aug-Negativa-m-parentes.pdf\">24 aug Negativa m parentes<\/a><\/p>\n<p>tidigare gmg:\u00a0<a href=\"http:\/\/robinritsgard.se\/wp-content\/uploads\/2013\/08\/3-okt-negativa-tal.pdf\">3 okt negativa tal<\/a><\/p>\n<p>v. 38<\/p>\n<p><a href=\"http:\/\/robinritsgard.se\/wp-content\/uploads\/2013\/08\/21-sept-F\u00f6rdjup-INFO-samt-VINKLAR.pdf\">21-sept-fordjup-info-samt-vinklar<\/a><\/p>\n<p>&nbsp;<\/p>\n<p><strong>v.41<\/strong><\/p>\n<p><a href=\"http:\/\/robinritsgard.se\/wp-content\/uploads\/2013\/08\/12-okt-Omkrets-och-area-i-konstiga-objekt-l\u00e4xa..pdf\">12-okt-omkrets-och-area-i-konstiga-objekt-laxa<\/a><\/p>\n<p>Ist\u00e4llet f\u00f6r torsdagslektion: \u00a0 <a href=\"https:\/\/www.youtube.com\/watch?v=hAXAoMdb-FU\">Omkrets<\/a>\u00a0 \u00a0<a href=\"https:\/\/www.youtube.com\/watch?v=W20k7IE_HWU\">Triangelns area<\/a>\u00a0 \u00a0 <a href=\"https:\/\/www.youtube.com\/watch?v=ZfIFc_v8XCQ\">Cirkelns area<\/a>\u00a0 \u00a0<a href=\"https:\/\/www.youtube.com\/watch?v=VU5F8fciWEM\">Olika kroppars volym<\/a><\/p>\n<p>&nbsp;<\/p>\n<p><strong>v.42<\/strong><\/p>\n<p>Repetition av planering: v.42 Area, v. 43-45 Volym, v.46, F\u00f6rankra OAV, v. 47-48 Skala, v.49 Prov + Pythagoras<\/p>\n<p>L\u00e4nk till <a href=\"http:\/\/www.matteboken.se\/lektioner\/skolar-6\/geometri\/area\">matteboken.se<\/a><\/p>\n<p>&nbsp;<\/p>\n<p><strong>v. 45<\/strong><\/p>\n<p><a href=\"http:\/\/robinritsgard.se\/wp-content\/uploads\/2013\/08\/9-november-Det-mesta-om-VOLYM.pdf\">9-november-det-mesta-om-volym<\/a><\/p>\n<p>Inf\u00f6r provet n\u00e4sta vecka: Du ska kunna ALLT om O, A och V.<\/p>\n<p><strong>v. 46<\/strong><\/p>\n<p><a href=\"http:\/\/robinritsgard.se\/wp-content\/uploads\/2013\/08\/18-mars-skala.pdf\">18 mars skala<\/a><\/p>\n<p><a href=\"http:\/\/robinritsgard.se\/wp-content\/uploads\/2013\/08\/22-april-anv\u00e4nda-skala-med-ok\u00e4nda.pdf\">22 april anv\u00e4nda skala med ok\u00e4nda<\/a><\/p>\n<p>youtube: <a href=\"https:\/\/www.youtube.com\/watch?v=2dkLmWZh754\">Skala<\/a><\/p>\n<p>Inf\u00f6r provet v. 48: \u00a0A,O,V, Skala och Vinklar.<\/p>\n<p>&nbsp;<\/p>\n<p><strong>v.49<\/strong><\/p>\n<p><a href=\"http:\/\/robinritsgard.se\/wp-content\/uploads\/2013\/08\/16-mars-Pythagoras-sats.pdf\">16 mars Pythagoras sats<\/a><\/p>\n<p>youtube: <a href=\"https:\/\/www.youtube.com\/watch?v=3iivEnKEJ88\">Pythagoras<\/a>\u00a0 \u00a0 <a href=\"https:\/\/www.youtube.com\/watch?v=8NKhOCIHpOE\">Dogge l\u00e4r ut \ud83d\ude09<\/a><\/p>\n<p>&nbsp;<\/p>\n<p>&nbsp;<\/p>\n<p>&nbsp;<\/p>\n<p>&nbsp;<\/p>\n<p>&nbsp;<\/p>\n<p>&nbsp;<\/p>\n<p>&nbsp;<\/p>\n<p>&nbsp;<\/p>\n<p>&nbsp;<\/p>\n<p>&nbsp;<\/p>\n<p><strong>VT 2015<\/strong><\/p>\n<p><strong>v. 4<br \/>\n<\/strong><\/p>\n<p><a href=\"http:\/\/robinritsgard.se\/wp-content\/uploads\/2013\/08\/22-jan-Algebra.pdf\">22 jan Algebra<\/a><\/p>\n<p><strong>v. 5<\/strong><\/p>\n<p><a href=\"http:\/\/robinritsgard.se\/wp-content\/uploads\/2013\/08\/27-jan-Hur-man-jobbar-med-M\u00d6NSTER.pdf\">27 jan Hur man jobbar med M\u00d6NSTER<\/a><\/p>\n<p><a href=\"http:\/\/robinritsgard.se\/wp-content\/uploads\/2013\/08\/29-jan-Hur-man-jobbar-med-M\u00d6NSTER-2.pdf\">29 jan Hur man jobbar med M\u00d6NSTER 2<\/a><\/p>\n<p><strong>v. 6<\/strong> (Klassen har beslutat att f\u00f6rdjupa sig inom Algebra under en l\u00e4ngre period)<\/p>\n<p><a href=\"http:\/\/robinritsgard.se\/wp-content\/uploads\/2013\/08\/3-feb-Grovplanering-Algebra.pdf\">3 feb Grovplanering Algebra<\/a><\/p>\n<p><a href=\"http:\/\/robinritsgard.se\/wp-content\/uploads\/2013\/08\/3-feb-F\u00f6renkling-av-uttryck.pdf\">3 feb F\u00f6renkling av uttryck<\/a><\/p>\n<p><strong>v.7<\/strong><\/p>\n<p><a href=\"http:\/\/robinritsgard.se\/wp-content\/uploads\/2013\/08\/12-feb-F\u00f6renkla-uttryck-m-parenteser-forts....pdf\">12 feb F\u00f6renkla uttryck m parenteser forts&#8230;<\/a><\/p>\n<p><strong>v. 10<\/strong><\/p>\n<p><a href=\"http:\/\/robinritsgard.se\/wp-content\/uploads\/2013\/08\/3-mars-Ekvationer-start.pdf\">3 mars Ekvationer start<\/a><\/p>\n<p><a href=\"http:\/\/robinritsgard.se\/wp-content\/uploads\/2013\/08\/5-mars-ekv.-med-variabel-i-b\u00e5da-leden.pdf\">5 mars ekv. med variabel i b\u00e5da leden<\/a><\/p>\n<p><strong>v.12<\/strong><\/p>\n<p><a href=\"http:\/\/robinritsgard.se\/wp-content\/uploads\/2013\/08\/19-mars-Lite-kring-uttryck-och-PBL.pdf\">19 mars Lite kring uttryck och PBL<\/a><\/p>\n<p><strong>v. 13<\/strong><\/p>\n<p><a href=\"http:\/\/robinritsgard.se\/wp-content\/uploads\/2013\/08\/24-mars-N\u00e5gra-exempel-kring-ekvationer.pdf\">24 mars N\u00e5gra exempel kring ekvationer<\/a><\/p>\n<p><a href=\"http:\/\/robinritsgard.se\/wp-content\/uploads\/2013\/08\/26-mars-G\u00f6ra-om-tre-variabler-till-en-mha-uttryck.pdf\">26 mars G\u00f6ra om tre variabler till en mha uttryck<\/a><\/p>\n<p><strong>v. 14<\/strong><\/p>\n<p>P\u00c5SKLOV<\/p>\n<p><strong>v. 15<\/strong><\/p>\n<p>Prov den 16 april: ALGEBRA &#8211; skriva uttryck, f\u00f6renkla uttryck, ekvationer och viss probleml\u00f6sning.<\/p>\n<p><strong>v. 17 (Geometri)<\/strong><\/p>\n<p><a href=\"http:\/\/robinritsgard.se\/wp-content\/uploads\/2013\/08\/23-april-F\u00f6rankra-ekvationer-i-geometri.pdf\">23 april F\u00f6rankra ekvationer i geometri<\/a><\/p>\n<p><strong>v. 19<\/strong><\/p>\n<p><a href=\"http:\/\/robinritsgard.se\/wp-content\/uploads\/2013\/08\/7-maj-att-se-det-osynliga-inom-geometri.pdf\">7 maj att se det osynliga inom geometri<\/a><\/p>\n<p><strong>v.21<\/strong><\/p>\n<p><a href=\"http:\/\/robinritsgard.se\/wp-content\/uploads\/2013\/08\/21-maj-Skala-och-samband.pdf\">21 maj Skala och samband<\/a><\/p>\n<p>&nbsp;<\/p>\n<p>&nbsp;<\/p>\n<p>&nbsp;<\/p>\n<p><strong>HT 2014<\/strong><\/p>\n<p><strong>v. 35<\/strong><\/p>\n<p><a href=\"http:\/\/robinritsgard.se\/wp-content\/uploads\/2013\/08\/Negativa-tal-regler.doc\">Negativa tal regler<\/a>\u00a0\u00a0\u00a0\u00a0\u00a0\u00a0\u00a0\u00a0\u00a0 <a href=\"http:\/\/robinritsgard.se\/wp-content\/uploads\/2013\/08\/3-okt-negativa-tal.pdf\">3 okt negativa tal<\/a>\u00a0\u00a0\u00a0\u00a0\u00a0\u00a0 <a href=\"https:\/\/www.youtube.com\/watch?v=PmEGwy8VZOc\">Tips fr\u00e5n youtube<\/a><\/p>\n<p><strong>v. 36<\/strong><\/p>\n<p><a href=\"http:\/\/robinritsgard.se\/wp-content\/uploads\/2013\/08\/1-sept-MGN.pdf\">1 sept MGN<\/a>\u00a0\u00a0\u00a0\u00a0\u00a0 <a href=\"http:\/\/robinritsgard.se\/wp-content\/uploads\/2013\/08\/2-sept-Samband-mellan-dec-procent-och-br\u00e5k.pdf\">2 sept Samband mellan dec, procent och br\u00e5k<\/a><\/p>\n<p><a href=\"https:\/\/www.youtube.com\/watch?v=xoUQCQeT1uI\">Avrundning video<\/a>\u00a0\u00a0\u00a0\u00a0\u00a0 <a href=\"https:\/\/www.youtube.com\/watch?v=FYXiYuIMSOY\">Avrundning video 2<\/a><\/p>\n<p>&nbsp;<\/p>\n<p><strong>v. 43<\/strong><\/p>\n<p><a href=\"http:\/\/robinritsgard.se\/wp-content\/uploads\/2013\/08\/20-okt-Division-med-decimaltal-intro.pdf\">20 okt Division med decimaltal intro<\/a><\/p>\n<p><a href=\"http:\/\/robinritsgard.se\/wp-content\/uploads\/2013\/08\/22-okt-Division-med-decimaltal-forts.pdf\">22 okt Division med decimaltal forts<\/a><\/p>\n<p>&nbsp;<\/p>\n<p><strong>v.45<\/strong><\/p>\n<p><a href=\"http:\/\/robinritsgard.se\/wp-content\/uploads\/2013\/08\/4-nov-Enheter.pdf\">4 nov Enheter<\/a><\/p>\n<p>&nbsp;<\/p>\n<p><strong>v.46<\/strong><\/p>\n<p><a href=\"http:\/\/robinritsgard.se\/wp-content\/uploads\/2013\/08\/13-nov-R\u00e4kna-med-tid.pdf\">13 nov R\u00e4kna med tid<\/a>\u00a0\u00a0\u00a0\u00a0\u00a0\u00a0\u00a0\u00a0\u00a0\u00a0\u00a0\u00a0\u00a0\u00a0\u00a0\u00a0 (Fr\u00e5n f\u00f6rra \u00e5ret: <a href=\"http:\/\/robinritsgard.se\/wp-content\/uploads\/2013\/08\/28-nov-\u00f6ka-minska-i-klockan.pdf\">28 nov \u00f6ka-minska i klockan<\/a>)<\/p>\n<p>&nbsp;<\/p>\n<p><strong>v.47<\/strong><\/p>\n<p><a href=\"http:\/\/robinritsgard.se\/wp-content\/uploads\/2013\/08\/Klockan-\u00f6kaOminska-samt-Tid-i-DECIMALFORM.pdf\">Klockan \u00f6kaOminska samt Tid i DECIMALFORM<\/a>\u00a0\u00a0\u00a0\u00a0 <a href=\"http:\/\/robinritsgard.se\/wp-content\/uploads\/2013\/08\/20-nov-Diagram.pdf\">20 nov Diagram<\/a><\/p>\n<p>L\u00e4xa till tisdag: Tr\u00e4na p\u00e5 SVT, se tidigare gmg ( <a href=\"http:\/\/robinritsgard.se\/wp-content\/uploads\/2013\/08\/10-dec-SVT.pdf\">10 dec SVT<\/a>)<\/p>\n<p>&nbsp;<\/p>\n<p><strong>v.48<\/strong><\/p>\n<p><a href=\"http:\/\/robinritsgard.se\/wp-content\/uploads\/2013\/08\/27-nov-Gmg-av-uppg.-13-8.pdf\">27 nov Gmg av uppg. 13 &amp; 8<\/a><\/p>\n<p>&nbsp;<\/p>\n<p>&nbsp;<\/p>\n<p>&nbsp;<\/p>\n<p><strong><em>Nedan finns genomg\u00e5ngar fr\u00e5n f\u00f6reg\u00e5ende \u00e5r.<\/em><\/strong><\/p>\n<p>VT 2014<\/p>\n<p><strong>v. 2:<\/strong> <a href=\"http:\/\/robinritsgard.se\/wp-content\/uploads\/2013\/08\/9-jan-repetition-av-tid-och-r\u00f6relse.pdf\">9 jan repetition av tid och r\u00f6relse<\/a><\/p>\n<p><strong>v. 3:<a href=\"http:\/\/robinritsgard.se\/wp-content\/uploads\/2013\/08\/14-jan-tabeller-och-diagram.pdf\">14 jan tabeller och diagram<\/a><\/strong><\/p>\n<p><strong>v. 4: <\/strong><a href=\"http:\/\/robinritsgard.se\/wp-content\/uploads\/2013\/08\/21-jan-medelv\u00e4rde.pdf\">21 jan medelv\u00e4rde<\/a><\/p>\n<p><a href=\"http:\/\/robinritsgard.se\/wp-content\/uploads\/2013\/08\/23-jan-Typv\u00e4rde-medelv\u00e4rde-o-median.pdf\">23 jan Typv\u00e4rde medelv\u00e4rde o median<\/a><\/p>\n<p>v. 9:<\/p>\n<p><a href=\"http:\/\/robinritsgard.se\/wp-content\/uploads\/2013\/08\/25-feb-Annas-syskon.pdf\">25 feb Annas syskon<\/a><\/p>\n<p><strong>v 11:<\/strong><\/p>\n<p><a href=\"http:\/\/robinritsgard.se\/wp-content\/uploads\/2013\/08\/11-mars-prioriteringsregler.pdf\">11 mars prioriteringsregler<\/a><\/p>\n<p><strong>v 18:<\/strong><\/p>\n<p><a href=\"http:\/\/robinritsgard.se\/wp-content\/uploads\/2013\/08\/29-april-Vanliga-misstag-inom-taluppfattning.pdf\">29 april Vanliga misstag inom taluppfattning<\/a><\/p>\n<p>&nbsp;<\/p>\n<p><strong>HT 13<\/strong><\/p>\n<p><strong>v 34:<\/strong><\/p>\n<p><a href=\"http:\/\/robinritsgard.se\/wp-content\/uploads\/2013\/08\/Torsdag-\u00e5r-7-22-aug-gmg1.pdf\">Torsdag \u00e5r 7 22 aug &#8211; gmg1<\/a><\/p>\n<p><strong>v 35:<\/strong><\/p>\n<p><a href=\"http:\/\/robinritsgard.se\/wp-content\/uploads\/2013\/08\/Tisdag-\u00e5r-7-27-aug-division-.pdf\">Tisdag \u00e5r 7 27 aug &#8211; division<\/a><\/p>\n<p><a href=\"http:\/\/robinritsgard.se\/wp-content\/uploads\/2013\/08\/Bra-multiplikations-uppg..pdf\">Bra multiplikations uppg.<\/a><\/p>\n<p><a href=\"http:\/\/robinritsgard.se\/wp-content\/uploads\/2013\/08\/Torsdag-\u00e5r-7-29-aug-br\u00e5k.pdf\">Torsdag \u00e5r 7 29 aug &#8211; br\u00e5k<\/a><\/p>\n<p><strong>v 36:<\/strong><\/p>\n<p><a href=\"http:\/\/robinritsgard.se\/wp-content\/uploads\/2013\/08\/Torsdag-5-sept-gemensam-n\u00e4mnare.pdf\">Torsdag 5 sept &#8211; gemensam n\u00e4mnare<\/a><\/p>\n<p><strong>v 37:<\/strong><\/p>\n<p><a href=\"http:\/\/robinritsgard.se\/wp-content\/uploads\/2013\/08\/10-sept-blandad-br\u00e5kform.pdf\">10 sept blandad-br\u00e5kform<\/a><\/p>\n<p><a href=\"http:\/\/robinritsgard.se\/wp-content\/uploads\/2013\/08\/12-sept-gemensam-n\u00e4mnare.pdf\">12 sept gemensam n\u00e4mnare<\/a><\/p>\n<p><strong>v 38<\/strong>:<\/p>\n<p>L\u00c4XA till torsdag: Repetera &#8221;gemensam n\u00e4mnare&#8221; samt uppg. s 57 i boken.<\/p>\n<p><a href=\"http:\/\/robinritsgard.se\/wp-content\/uploads\/2013\/08\/19-sept-L\u00e4xf\u00f6rh\u00f6r-+-l\u00e4rdomar.pdf\">19 sept L\u00e4xf\u00f6rh\u00f6r + l\u00e4rdomar<\/a><\/p>\n<p>Till n\u00e4sta vecka: Se till att kunna gemensam n\u00e4mnare samt l\u00e4s s. 15 om negativa tal.<\/p>\n<p><strong>v 40:<\/strong><\/p>\n<p><a href=\"http:\/\/robinritsgard.se\/wp-content\/uploads\/2013\/08\/3-okt-negativa-tal.pdf\">3 okt negativa tal<\/a><\/p>\n<p>v 41:<\/p>\n<p><a href=\"http:\/\/robinritsgard.se\/wp-content\/uploads\/2013\/08\/8-okt-avrundning.pdf\">8 okt avrundning<\/a><\/p>\n<p>v 42:<\/p>\n<p><a href=\"http:\/\/robinritsgard.se\/wp-content\/uploads\/2013\/08\/17-okt-r\u00e4kn.-m.-dec.-mindre-\u00e4n-1.pdf\">17 okt r\u00e4kn. m. dec. mindre \u00e4n 1<\/a><\/p>\n<p>se \u00e4ven: <a href=\"http:\/\/www.youtube.com\/watch?v=UUU6Vh7W9x0\">multiplikation med decimaltal<\/a><\/p>\n<p>&nbsp;<\/p>\n<p>v 43:<\/p>\n<p><a href=\"http:\/\/robinritsgard.se\/wp-content\/uploads\/2013\/08\/22-okt-multi-och-division.pdf\">22 okt multi och division<\/a><\/p>\n<p>v 45:<\/p>\n<p><a href=\"http:\/\/robinritsgard.se\/wp-content\/uploads\/2013\/08\/5-nov-division-med-10-100-1000.pdf\">5 nov division med 10, 100, 1000<\/a><\/p>\n<p>v 46:<\/p>\n<p><a href=\"http:\/\/robinritsgard.se\/wp-content\/uploads\/2013\/08\/14-nov-repetion-av-div.-stora-tal.pdf\">14 nov repetion av div. stora tal<\/a><\/p>\n<p>v 47:<\/p>\n<p>l\u00e4xa till n\u00e4sta vecka &#8211; s. 78 &#8211; 80 samt eventuellt f\u00f6rbereda p\u00e5 s. 110<\/p>\n<p>se \u00e4ven: <a href=\"http:\/\/www.youtube.com\/watch?v=tdpybzdfIaM\">f\u00f6rl\u00e4ngning av decimaltal i division<\/a><\/p>\n<p><a href=\"http:\/\/robinritsgard.se\/wp-content\/uploads\/2013\/08\/21-nov-Klockan.pdf\">21 nov Klockan<\/a><\/p>\n<p>v 48:<\/p>\n<p>Tr\u00e4na klockan p\u00e5 n\u00e4tet:\u00a0\u00a0\u00a0 <a href=\"http:\/\/www.elevspel.se\/vardagskunskap\/klockan.html\">elevspel<\/a>\u00a0\u00a0 <a href=\"http:\/\/www.kunskapsstjarnan.se\/klockan.php\">kunskapssjt\u00e4rnan<\/a><\/p>\n<p><a href=\"http:\/\/robinritsgard.se\/wp-content\/uploads\/2013\/08\/25-nov-tid-mellan-tv\u00e5-tider.pdf\">25 nov tid mellan tv\u00e5 tider<\/a><\/p>\n<p><a href=\"http:\/\/robinritsgard.se\/wp-content\/uploads\/2013\/08\/28-nov-\u00f6ka-minska-i-klockan.pdf\">28 nov \u00f6ka-minska i klockan<\/a><\/p>\n<p>v 49:<\/p>\n<p><a href=\"http:\/\/robinritsgard.se\/wp-content\/uploads\/2013\/08\/5-dec-tid-och-r\u00f6relse-diagram.pdf\">5 dec tid och r\u00f6relse diagram<\/a><\/p>\n<p>v 50:<\/p>\n<p><a href=\"http:\/\/robinritsgard.se\/wp-content\/uploads\/2013\/08\/10-dec-SVT.pdf\">10 dec SVT<\/a><\/p>\n<p><strong>3 ggr i veckan, ca 20 min.<\/strong><\/p>\n","protected":false},"excerpt":{"rendered":"<p>&#8221;Vi tar det lugnt s\u00e5 att vi f\u00f6rst\u00e5r och kommer ih\u00e5g&#8221; &#8211; Robin Vissa genomg\u00e5ngar \u00e4r plockade fr\u00e5n f\u00f6reg\u00e5ende \u00e5r. Fler genomg\u00e5ngar finns l\u00e4ngre ner p\u00e5 sidan. Ni \u00e4r v\u00e4lkomna att titta! L\u00c4NK TILL MATEMATISKA BEGREPP P\u00c5 22 OLIKA SPR\u00c5K finns h\u00e4r. VT &#8211; 17 Vi b\u00f6rjar med hastighet och tid. \u00a0 youtube: \u00a0Medelhastighet\u00a0 \u00a0\u00a0Tid &hellip; <a href=\"http:\/\/robinritsgard.se\/?page_id=10\" class=\"more-link\">Forts\u00e4tt l\u00e4sa<span class=\"screen-reader-text\"> \u201dMatematik \u00e5r 7\u201d<\/span><\/a><\/p>\n","protected":false},"author":1,"featured_media":138,"parent":0,"menu_order":0,"comment_status":"closed","ping_status":"open","template":"","meta":{"footnotes":""},"class_list":["post-10","page","type-page","status-publish","has-post-thumbnail","hentry"],"_links":{"self":[{"href":"http:\/\/robinritsgard.se\/index.php?rest_route=\/wp\/v2\/pages\/10","targetHints":{"allow":["GET"]}}],"collection":[{"href":"http:\/\/robinritsgard.se\/index.php?rest_route=\/wp\/v2\/pages"}],"about":[{"href":"http:\/\/robinritsgard.se\/index.php?rest_route=\/wp\/v2\/types\/page"}],"author":[{"embeddable":true,"href":"http:\/\/robinritsgard.se\/index.php?rest_route=\/wp\/v2\/users\/1"}],"replies":[{"embeddable":true,"href":"http:\/\/robinritsgard.se\/index.php?rest_route=%2Fwp%2Fv2%2Fcomments&post=10"}],"version-history":[{"count":84,"href":"http:\/\/robinritsgard.se\/index.php?rest_route=\/wp\/v2\/pages\/10\/revisions"}],"predecessor-version":[{"id":798,"href":"http:\/\/robinritsgard.se\/index.php?rest_route=\/wp\/v2\/pages\/10\/revisions\/798"}],"wp:featuredmedia":[{"embeddable":true,"href":"http:\/\/robinritsgard.se\/index.php?rest_route=\/wp\/v2\/media\/138"}],"wp:attachment":[{"href":"http:\/\/robinritsgard.se\/index.php?rest_route=%2Fwp%2Fv2%2Fmedia&parent=10"}],"curies":[{"name":"wp","href":"https:\/\/api.w.org\/{rel}","templated":true}]}}